{"id":6474,"date":"2022-04-09T23:01:47","date_gmt":"2022-04-09T21:01:47","guid":{"rendered":"https:\/\/testwp.automato.cz\/?post_type=product&#038;p=6474"},"modified":"2024-08-31T02:47:43","modified_gmt":"2024-08-31T00:47:43","slug":"kompletna-online-preverka-vozidla","status":"publish","type":"product","link":"https:\/\/iautomato.sk\/sk\/produkt\/kompletni-online-proverka-vozu\/","title":{"rendered":"Kompletn\u00e1 online previerka vozidla"},"content":{"rendered":"","protected":false},"excerpt":{"rendered":"<p>Vozidlo a predajcu prever\u00edme v online datab\u00e1zach od A po Z.<\/p>","protected":false},"featured_media":9468,"template":"","meta":{"_jf_limit_responses":""},"product_brand":[],"product_cat":[57],"product_tag":[94],"class_list":{"0":"post-6474","1":"product","2":"type-product","3":"status-publish","4":"has-post-thumbnail","6":"product_cat-koupit-vuz","7":"product_tag-mainproduct","9":"entry","10":"has-media","12":"first","13":"instock","14":"taxable","15":"shipping-taxable","16":"purchasable","17":"product-type-simple","18":"col","19":"span_1_of_3","20":"owp-content-center","21":"owp-thumbs-layout-horizontal","22":"owp-btn-big","23":"owp-tabs-layout-section","24":"has-no-thumbnails"},"yoast_head":"<!-- This site is optimized with the Yoast SEO plugin v27.3 - https:\/\/yoast.com\/product\/yoast-seo-wordpress\/ -->\n<title>Kompletn\u00e1 online previerka vozidla - Automato Slovensko<\/title>\n<meta name=\"description\" content=\"Pon\u00fakame kompletn\u00fa online kontrolu v\u00e1\u0161ho vysn\u00edvan\u00e9ho vozidla od sk\u00fasen\u00fdch odborn\u00edkov. Do 24 hod\u00edn dostanete v\u00fdsledky kontroly. Preveren\u00e9 250+ spokojn\u00fdmi klientmi.\" \/>\n<meta name=\"robots\" content=\"index, follow, max-snippet:-1, max-image-preview:large, max-video-preview:-1\" \/>\n<link rel=\"canonical\" href=\"https:\/\/iautomato.sk\/sk\/produkt\/kompletna-online-preverka-vozidla\/\" \/>\n<meta property=\"og:locale\" content=\"sk_SK\" \/>\n<meta property=\"og:type\" content=\"article\" \/>\n<meta property=\"og:title\" content=\"Kompletn\u00e1 online previerka vozidla - Automato Slovensko\" \/>\n<meta property=\"og:description\" content=\"Pon\u00fakame kompletn\u00fa online kontrolu v\u00e1\u0161ho vysn\u00edvan\u00e9ho vozidla od sk\u00fasen\u00fdch odborn\u00edkov. Do 24 hod\u00edn dostanete v\u00fdsledky kontroly. Preveren\u00e9 250+ spokojn\u00fdmi klientmi.\" \/>\n<meta property=\"og:url\" content=\"https:\/\/iautomato.sk\/sk\/produkt\/kompletna-online-preverka-vozidla\/\" \/>\n<meta property=\"og:site_name\" content=\"Automato Slovensko\" \/>\n<meta property=\"article:publisher\" content=\"https:\/\/www.facebook.com\/people\/Automato-SK\/100089303930614\/\" \/>\n<meta property=\"article:modified_time\" content=\"2024-08-31T00:47:43+00:00\" \/>\n<meta property=\"og:image\" content=\"https:\/\/iautomato.sk\/wp-content\/uploads\/sites\/3\/2022\/11\/Kompletna-online-kontrola-vozidla-Automato.webp\" \/>\n\t<meta property=\"og:image:width\" content=\"1125\" \/>\n\t<meta property=\"og:image:height\" content=\"675\" \/>\n\t<meta property=\"og:image:type\" content=\"image\/webp\" \/>\n<meta name=\"twitter:card\" content=\"summary_large_image\" \/>\n<script type=\"application\/ld+json\" class=\"yoast-schema-graph\">{\"@context\":\"https:\\\/\\\/schema.org\",\"@graph\":[{\"@type\":\"WebPage\",\"@id\":\"https:\\\/\\\/iautomato.sk\\\/produkt\\\/kompletna-online-preverka-vozidla\\\/\",\"url\":\"https:\\\/\\\/iautomato.sk\\\/produkt\\\/kompletna-online-preverka-vozidla\\\/\",\"name\":\"Kompletn\u00e1 online previerka vozidla - Automato Slovensko\",\"isPartOf\":{\"@id\":\"https:\\\/\\\/iautomato.sk\\\/#website\"},\"primaryImageOfPage\":{\"@id\":\"https:\\\/\\\/iautomato.sk\\\/produkt\\\/kompletna-online-preverka-vozidla\\\/#primaryimage\"},\"image\":{\"@id\":\"https:\\\/\\\/iautomato.sk\\\/produkt\\\/kompletna-online-preverka-vozidla\\\/#primaryimage\"},\"thumbnailUrl\":\"https:\\\/\\\/iautomato.sk\\\/wp-content\\\/uploads\\\/sites\\\/3\\\/2022\\\/11\\\/Kompletna-online-kontrola-vozidla-Automato.webp\",\"datePublished\":\"2022-04-09T21:01:47+00:00\",\"dateModified\":\"2024-08-31T00:47:43+00:00\",\"description\":\"Pon\u00fakame kompletn\u00fa online kontrolu v\u00e1\u0161ho vysn\u00edvan\u00e9ho vozidla od sk\u00fasen\u00fdch odborn\u00edkov. Do 24 hod\u00edn dostanete v\u00fdsledky kontroly. Preveren\u00e9 250+ spokojn\u00fdmi klientmi.\",\"breadcrumb\":{\"@id\":\"https:\\\/\\\/iautomato.sk\\\/produkt\\\/kompletna-online-preverka-vozidla\\\/#breadcrumb\"},\"inLanguage\":\"sk-SK\",\"potentialAction\":[{\"@type\":\"ReadAction\",\"target\":[\"https:\\\/\\\/iautomato.sk\\\/produkt\\\/kompletna-online-preverka-vozidla\\\/\"]}]},{\"@type\":\"ImageObject\",\"inLanguage\":\"sk-SK\",\"@id\":\"https:\\\/\\\/iautomato.sk\\\/produkt\\\/kompletna-online-preverka-vozidla\\\/#primaryimage\",\"url\":\"https:\\\/\\\/iautomato.sk\\\/wp-content\\\/uploads\\\/sites\\\/3\\\/2022\\\/11\\\/Kompletna-online-kontrola-vozidla-Automato.webp\",\"contentUrl\":\"https:\\\/\\\/iautomato.sk\\\/wp-content\\\/uploads\\\/sites\\\/3\\\/2022\\\/11\\\/Kompletna-online-kontrola-vozidla-Automato.webp\",\"width\":1125,\"height\":675,\"caption\":\"Kompletn\u00e1 online kontrola vozidla Automato\"},{\"@type\":\"BreadcrumbList\",\"@id\":\"https:\\\/\\\/iautomato.sk\\\/produkt\\\/kompletna-online-preverka-vozidla\\\/#breadcrumb\",\"itemListElement\":[{\"@type\":\"ListItem\",\"position\":1,\"name\":\"Dom\u016f\",\"item\":\"https:\\\/\\\/iautomato.sk\\\/sk\\\/\"},{\"@type\":\"ListItem\",\"position\":2,\"name\":\"Produkty\",\"item\":\"https:\\\/\\\/iautomato.sk\\\/shop\\\/\"},{\"@type\":\"ListItem\",\"position\":3,\"name\":\"Kompletn\u00e1 online previerka vozidla\"}]},{\"@type\":\"WebSite\",\"@id\":\"https:\\\/\\\/iautomato.sk\\\/#website\",\"url\":\"https:\\\/\\\/iautomato.sk\\\/\",\"name\":\"Automato Slovensko\",\"description\":\"Prever\u00edme ojazden\u00e9 auto pred k\u00fapou: R\u00fdchlo a po celom Slovensku\",\"publisher\":{\"@id\":\"https:\\\/\\\/iautomato.sk\\\/#organization\"},\"potentialAction\":[{\"@type\":\"SearchAction\",\"target\":{\"@type\":\"EntryPoint\",\"urlTemplate\":\"https:\\\/\\\/iautomato.sk\\\/?s={search_term_string}\"},\"query-input\":{\"@type\":\"PropertyValueSpecification\",\"valueRequired\":true,\"valueName\":\"search_term_string\"}}],\"inLanguage\":\"sk-SK\"},{\"@type\":\"Organization\",\"@id\":\"https:\\\/\\\/iautomato.sk\\\/#organization\",\"name\":\"Automato Slovensko\",\"url\":\"https:\\\/\\\/iautomato.sk\\\/\",\"logo\":{\"@type\":\"ImageObject\",\"inLanguage\":\"sk-SK\",\"@id\":\"https:\\\/\\\/iautomato.sk\\\/#\\\/schema\\\/logo\\\/image\\\/\",\"url\":\"https:\\\/\\\/iautomato.sk\\\/wp-content\\\/uploads\\\/sites\\\/3\\\/2020\\\/02\\\/black_noBG.svg\",\"contentUrl\":\"https:\\\/\\\/iautomato.sk\\\/wp-content\\\/uploads\\\/sites\\\/3\\\/2020\\\/02\\\/black_noBG.svg\",\"caption\":\"Automato Slovensko\"},\"image\":{\"@id\":\"https:\\\/\\\/iautomato.sk\\\/#\\\/schema\\\/logo\\\/image\\\/\"},\"sameAs\":[\"https:\\\/\\\/www.facebook.com\\\/people\\\/Automato-SK\\\/100089303930614\\\/\",\"https:\\\/\\\/www.instagram.com\\\/automato.sk\\\/\"]}]}<\/script>\n<!-- \/ Yoast SEO plugin. -->","yoast_head_json":{"title":"Kompletn\u00e1 online previerka vozidla - Automato Slovensko","description":"Pon\u00fakame kompletn\u00fa online kontrolu v\u00e1\u0161ho vysn\u00edvan\u00e9ho vozidla od sk\u00fasen\u00fdch odborn\u00edkov. Do 24 hod\u00edn dostanete v\u00fdsledky kontroly. Preveren\u00e9 250+ spokojn\u00fdmi klientmi.","robots":{"index":"index","follow":"follow","max-snippet":"max-snippet:-1","max-image-preview":"max-image-preview:large","max-video-preview":"max-video-preview:-1"},"canonical":"https:\/\/iautomato.sk\/sk\/produkt\/kompletna-online-preverka-vozidla\/","og_locale":"sk_SK","og_type":"article","og_title":"Kompletn\u00e1 online previerka vozidla - Automato Slovensko","og_description":"Pon\u00fakame kompletn\u00fa online kontrolu v\u00e1\u0161ho vysn\u00edvan\u00e9ho vozidla od sk\u00fasen\u00fdch odborn\u00edkov. Do 24 hod\u00edn dostanete v\u00fdsledky kontroly. Preveren\u00e9 250+ spokojn\u00fdmi klientmi.","og_url":"https:\/\/iautomato.sk\/sk\/produkt\/kompletna-online-preverka-vozidla\/","og_site_name":"Automato Slovensko","article_publisher":"https:\/\/www.facebook.com\/people\/Automato-SK\/100089303930614\/","article_modified_time":"2024-08-31T00:47:43+00:00","og_image":[{"width":1125,"height":675,"url":"https:\/\/iautomato.sk\/wp-content\/uploads\/sites\/3\/2022\/11\/Kompletna-online-kontrola-vozidla-Automato.webp","type":"image\/webp"}],"twitter_card":"summary_large_image","schema":{"@context":"https:\/\/schema.org","@graph":[{"@type":"WebPage","@id":"https:\/\/iautomato.sk\/produkt\/kompletna-online-preverka-vozidla\/","url":"https:\/\/iautomato.sk\/produkt\/kompletna-online-preverka-vozidla\/","name":"Kompletn\u00e1 online previerka vozidla - Automato Slovensko","isPartOf":{"@id":"https:\/\/iautomato.sk\/#website"},"primaryImageOfPage":{"@id":"https:\/\/iautomato.sk\/produkt\/kompletna-online-preverka-vozidla\/#primaryimage"},"image":{"@id":"https:\/\/iautomato.sk\/produkt\/kompletna-online-preverka-vozidla\/#primaryimage"},"thumbnailUrl":"https:\/\/iautomato.sk\/wp-content\/uploads\/sites\/3\/2022\/11\/Kompletna-online-kontrola-vozidla-Automato.webp","datePublished":"2022-04-09T21:01:47+00:00","dateModified":"2024-08-31T00:47:43+00:00","description":"Pon\u00fakame kompletn\u00fa online kontrolu v\u00e1\u0161ho vysn\u00edvan\u00e9ho vozidla od sk\u00fasen\u00fdch odborn\u00edkov. Do 24 hod\u00edn dostanete v\u00fdsledky kontroly. Preveren\u00e9 250+ spokojn\u00fdmi klientmi.","breadcrumb":{"@id":"https:\/\/iautomato.sk\/produkt\/kompletna-online-preverka-vozidla\/#breadcrumb"},"inLanguage":"sk-SK","potentialAction":[{"@type":"ReadAction","target":["https:\/\/iautomato.sk\/produkt\/kompletna-online-preverka-vozidla\/"]}]},{"@type":"ImageObject","inLanguage":"sk-SK","@id":"https:\/\/iautomato.sk\/produkt\/kompletna-online-preverka-vozidla\/#primaryimage","url":"https:\/\/iautomato.sk\/wp-content\/uploads\/sites\/3\/2022\/11\/Kompletna-online-kontrola-vozidla-Automato.webp","contentUrl":"https:\/\/iautomato.sk\/wp-content\/uploads\/sites\/3\/2022\/11\/Kompletna-online-kontrola-vozidla-Automato.webp","width":1125,"height":675,"caption":"Kompletn\u00e1 online kontrola vozidla Automato"},{"@type":"BreadcrumbList","@id":"https:\/\/iautomato.sk\/produkt\/kompletna-online-preverka-vozidla\/#breadcrumb","itemListElement":[{"@type":"ListItem","position":1,"name":"Dom\u016f","item":"https:\/\/iautomato.sk\/sk\/"},{"@type":"ListItem","position":2,"name":"Produkty","item":"https:\/\/iautomato.sk\/shop\/"},{"@type":"ListItem","position":3,"name":"Kompletn\u00e1 online previerka vozidla"}]},{"@type":"WebSite","@id":"https:\/\/iautomato.sk\/#website","url":"https:\/\/iautomato.sk\/","name":"Automato Slovensko","description":"Prever\u00edme ojazden\u00e9 auto pred k\u00fapou: R\u00fdchlo a po celom Slovensku","publisher":{"@id":"https:\/\/iautomato.sk\/#organization"},"potentialAction":[{"@type":"SearchAction","target":{"@type":"EntryPoint","urlTemplate":"https:\/\/iautomato.sk\/?s={search_term_string}"},"query-input":{"@type":"PropertyValueSpecification","valueRequired":true,"valueName":"search_term_string"}}],"inLanguage":"sk-SK"},{"@type":"Organization","@id":"https:\/\/iautomato.sk\/#organization","name":"Automato Slovensko","url":"https:\/\/iautomato.sk\/","logo":{"@type":"ImageObject","inLanguage":"sk-SK","@id":"https:\/\/iautomato.sk\/#\/schema\/logo\/image\/","url":"https:\/\/iautomato.sk\/wp-content\/uploads\/sites\/3\/2020\/02\/black_noBG.svg","contentUrl":"https:\/\/iautomato.sk\/wp-content\/uploads\/sites\/3\/2020\/02\/black_noBG.svg","caption":"Automato Slovensko"},"image":{"@id":"https:\/\/iautomato.sk\/#\/schema\/logo\/image\/"},"sameAs":["https:\/\/www.facebook.com\/people\/Automato-SK\/100089303930614\/","https:\/\/www.instagram.com\/automato.sk\/"]}]}},"_links":{"self":[{"href":"https:\/\/iautomato.sk\/sk\/wp-json\/wp\/v2\/product\/6474","targetHints":{"allow":["GET"]}}],"collection":[{"href":"https:\/\/iautomato.sk\/sk\/wp-json\/wp\/v2\/product"}],"about":[{"href":"https:\/\/iautomato.sk\/sk\/wp-json\/wp\/v2\/types\/product"}],"wp:featuredmedia":[{"embeddable":true,"href":"https:\/\/iautomato.sk\/sk\/wp-json\/wp\/v2\/media\/9468"}],"wp:attachment":[{"href":"https:\/\/iautomato.sk\/sk\/wp-json\/wp\/v2\/media?parent=6474"}],"wp:term":[{"taxonomy":"product_brand","embeddable":true,"href":"https:\/\/iautomato.sk\/sk\/wp-json\/wp\/v2\/product_brand?post=6474"},{"taxonomy":"product_cat","embeddable":true,"href":"https:\/\/iautomato.sk\/sk\/wp-json\/wp\/v2\/product_cat?post=6474"},{"taxonomy":"product_tag","embeddable":true,"href":"https:\/\/iautomato.sk\/sk\/wp-json\/wp\/v2\/product_tag?post=6474"}],"curies":[{"name":"wp","href":"https:\/\/api.w.org\/{rel}","templated":true}]}}