{"id":2951,"date":"2021-07-13T01:09:20","date_gmt":"2021-07-12T23:09:20","guid":{"rendered":"https:\/\/testwp.automato.cz\/?post_type=product&#038;p=2951"},"modified":"2024-08-31T02:48:11","modified_gmt":"2024-08-31T00:48:11","slug":"vzdialena-kontrola-vozidla","status":"publish","type":"product","link":"https:\/\/iautomato.sk\/sk\/produkt\/vzdalena-kontrola-vozu\/","title":{"rendered":"Vzdialen\u00e1 kontrola vozidla"},"content":{"rendered":"","protected":false},"excerpt":{"rendered":"<p>Fyzick\u00e1 prehliadka ojazden\u00e9ho vozidla <strong>bez va\u0161ej \u00fa\u010dasti<\/strong>. Dostanete online preh\u013ead aj s videom.<\/p>","protected":false},"featured_media":9465,"template":"","meta":{"_jf_limit_responses":""},"product_brand":[],"product_cat":[57],"product_tag":[93,94],"class_list":{"0":"post-2951","1":"product","2":"type-product","3":"status-publish","4":"has-post-thumbnail","6":"product_cat-koupit-vuz","7":"product_tag-allowordersys","8":"product_tag-mainproduct","10":"entry","11":"has-media","13":"first","14":"instock","15":"taxable","16":"shipping-taxable","17":"purchasable","18":"product-type-simple","19":"col","20":"span_1_of_3","21":"owp-content-center","22":"owp-thumbs-layout-horizontal","23":"owp-btn-big","24":"owp-tabs-layout-section","25":"has-no-thumbnails"},"yoast_head":"<!-- This site is optimized with the Yoast SEO plugin v27.4 - https:\/\/yoast.com\/product\/yoast-seo-wordpress\/ -->\n<title>Vzdialen\u00e1 kontrola vozidla - Automato Slovensko<\/title>\n<meta name=\"description\" content=\"Pl\u00e1nujete k\u00fapi\u0165 ojazden\u00e9 auto a m\u00e1te u\u017e vyhliadnut\u00fd ten spr\u00e1vny k\u00fasok, ale je na opa\u010dnom konci republiky? Zverte kontrolu na\u0161im mechanikom a my v\u00e1m povieme, \u010di pre neho m\u00e1 cenu jazdi\u0165.\" \/>\n<meta name=\"robots\" content=\"index, follow, max-snippet:-1, max-image-preview:large, max-video-preview:-1\" \/>\n<link rel=\"canonical\" href=\"https:\/\/iautomato.sk\/sk\/produkt\/vzdialena-kontrola-vozidla\/\" \/>\n<meta property=\"og:locale\" content=\"sk_SK\" \/>\n<meta property=\"og:type\" content=\"article\" \/>\n<meta property=\"og:title\" content=\"Vzdialen\u00e1 kontrola vozidla - Automato Slovensko\" \/>\n<meta property=\"og:description\" content=\"Pl\u00e1nujete k\u00fapi\u0165 ojazden\u00e9 auto a m\u00e1te u\u017e vyhliadnut\u00fd ten spr\u00e1vny k\u00fasok, ale je na opa\u010dnom konci republiky? Zverte kontrolu na\u0161im mechanikom a my v\u00e1m povieme, \u010di pre neho m\u00e1 cenu jazdi\u0165.\" \/>\n<meta property=\"og:url\" content=\"https:\/\/iautomato.sk\/sk\/produkt\/vzdialena-kontrola-vozidla\/\" \/>\n<meta property=\"og:site_name\" content=\"Automato Slovensko\" \/>\n<meta property=\"article:publisher\" content=\"https:\/\/www.facebook.com\/people\/Automato-SK\/100089303930614\/\" \/>\n<meta property=\"article:modified_time\" content=\"2024-08-31T00:48:11+00:00\" \/>\n<meta property=\"og:image\" content=\"https:\/\/iautomato.sk\/wp-content\/uploads\/sites\/3\/2022\/11\/Vzdialena-kontrola-vozidla.webp\" \/>\n\t<meta property=\"og:image:width\" content=\"1125\" \/>\n\t<meta property=\"og:image:height\" content=\"675\" \/>\n\t<meta property=\"og:image:type\" content=\"image\/webp\" \/>\n<meta name=\"twitter:card\" content=\"summary_large_image\" \/>\n<script type=\"application\/ld+json\" class=\"yoast-schema-graph\">{\"@context\":\"https:\\\/\\\/schema.org\",\"@graph\":[{\"@type\":\"WebPage\",\"@id\":\"https:\\\/\\\/iautomato.sk\\\/produkt\\\/vzdialena-kontrola-vozidla\\\/\",\"url\":\"https:\\\/\\\/iautomato.sk\\\/produkt\\\/vzdialena-kontrola-vozidla\\\/\",\"name\":\"Vzdialen\u00e1 kontrola vozidla - Automato Slovensko\",\"isPartOf\":{\"@id\":\"https:\\\/\\\/iautomato.sk\\\/#website\"},\"primaryImageOfPage\":{\"@id\":\"https:\\\/\\\/iautomato.sk\\\/produkt\\\/vzdialena-kontrola-vozidla\\\/#primaryimage\"},\"image\":{\"@id\":\"https:\\\/\\\/iautomato.sk\\\/produkt\\\/vzdialena-kontrola-vozidla\\\/#primaryimage\"},\"thumbnailUrl\":\"https:\\\/\\\/iautomato.sk\\\/wp-content\\\/uploads\\\/sites\\\/3\\\/2022\\\/11\\\/Vzdialena-kontrola-vozidla.webp\",\"datePublished\":\"2021-07-12T23:09:20+00:00\",\"dateModified\":\"2024-08-31T00:48:11+00:00\",\"description\":\"Pl\u00e1nujete k\u00fapi\u0165 ojazden\u00e9 auto a m\u00e1te u\u017e vyhliadnut\u00fd ten spr\u00e1vny k\u00fasok, ale je na opa\u010dnom konci republiky? Zverte kontrolu na\u0161im mechanikom a my v\u00e1m povieme, \u010di pre neho m\u00e1 cenu jazdi\u0165.\",\"breadcrumb\":{\"@id\":\"https:\\\/\\\/iautomato.sk\\\/produkt\\\/vzdialena-kontrola-vozidla\\\/#breadcrumb\"},\"inLanguage\":\"sk-SK\",\"potentialAction\":[{\"@type\":\"ReadAction\",\"target\":[\"https:\\\/\\\/iautomato.sk\\\/produkt\\\/vzdialena-kontrola-vozidla\\\/\"]}]},{\"@type\":\"ImageObject\",\"inLanguage\":\"sk-SK\",\"@id\":\"https:\\\/\\\/iautomato.sk\\\/produkt\\\/vzdialena-kontrola-vozidla\\\/#primaryimage\",\"url\":\"https:\\\/\\\/iautomato.sk\\\/wp-content\\\/uploads\\\/sites\\\/3\\\/2022\\\/11\\\/Vzdialena-kontrola-vozidla.webp\",\"contentUrl\":\"https:\\\/\\\/iautomato.sk\\\/wp-content\\\/uploads\\\/sites\\\/3\\\/2022\\\/11\\\/Vzdialena-kontrola-vozidla.webp\",\"width\":1125,\"height\":675,\"caption\":\"Vzdialen\u00e1 kontrola vozidla\"},{\"@type\":\"BreadcrumbList\",\"@id\":\"https:\\\/\\\/iautomato.sk\\\/produkt\\\/vzdialena-kontrola-vozidla\\\/#breadcrumb\",\"itemListElement\":[{\"@type\":\"ListItem\",\"position\":1,\"name\":\"Dom\u016f\",\"item\":\"https:\\\/\\\/iautomato.sk\\\/\"},{\"@type\":\"ListItem\",\"position\":2,\"name\":\"Produkty\",\"item\":\"https:\\\/\\\/iautomato.sk\\\/shop\\\/\"},{\"@type\":\"ListItem\",\"position\":3,\"name\":\"Vzdialen\u00e1 kontrola vozidla\"}]},{\"@type\":\"WebSite\",\"@id\":\"https:\\\/\\\/iautomato.sk\\\/#website\",\"url\":\"https:\\\/\\\/iautomato.sk\\\/\",\"name\":\"Automato Slovensko\",\"description\":\"Prever\u00edme ojazden\u00e9 auto pred k\u00fapou: R\u00fdchlo a po celom Slovensku\",\"publisher\":{\"@id\":\"https:\\\/\\\/iautomato.sk\\\/#organization\"},\"potentialAction\":[{\"@type\":\"SearchAction\",\"target\":{\"@type\":\"EntryPoint\",\"urlTemplate\":\"https:\\\/\\\/iautomato.sk\\\/?s={search_term_string}\"},\"query-input\":{\"@type\":\"PropertyValueSpecification\",\"valueRequired\":true,\"valueName\":\"search_term_string\"}}],\"inLanguage\":\"sk-SK\"},{\"@type\":\"Organization\",\"@id\":\"https:\\\/\\\/iautomato.sk\\\/#organization\",\"name\":\"Automato Slovensko\",\"url\":\"https:\\\/\\\/iautomato.sk\\\/\",\"logo\":{\"@type\":\"ImageObject\",\"inLanguage\":\"sk-SK\",\"@id\":\"https:\\\/\\\/iautomato.sk\\\/#\\\/schema\\\/logo\\\/image\\\/\",\"url\":\"https:\\\/\\\/iautomato.sk\\\/wp-content\\\/uploads\\\/sites\\\/3\\\/2020\\\/02\\\/black_noBG.svg\",\"contentUrl\":\"https:\\\/\\\/iautomato.sk\\\/wp-content\\\/uploads\\\/sites\\\/3\\\/2020\\\/02\\\/black_noBG.svg\",\"caption\":\"Automato Slovensko\"},\"image\":{\"@id\":\"https:\\\/\\\/iautomato.sk\\\/#\\\/schema\\\/logo\\\/image\\\/\"},\"sameAs\":[\"https:\\\/\\\/www.facebook.com\\\/people\\\/Automato-SK\\\/100089303930614\\\/\",\"https:\\\/\\\/www.instagram.com\\\/automato.sk\\\/\"]}]}<\/script>\n<!-- \/ Yoast SEO plugin. -->","yoast_head_json":{"title":"Vzdialen\u00e1 kontrola vozidla - Automato Slovensko","description":"Pl\u00e1nujete k\u00fapi\u0165 ojazden\u00e9 auto a m\u00e1te u\u017e vyhliadnut\u00fd ten spr\u00e1vny k\u00fasok, ale je na opa\u010dnom konci republiky? Zverte kontrolu na\u0161im mechanikom a my v\u00e1m povieme, \u010di pre neho m\u00e1 cenu jazdi\u0165.","robots":{"index":"index","follow":"follow","max-snippet":"max-snippet:-1","max-image-preview":"max-image-preview:large","max-video-preview":"max-video-preview:-1"},"canonical":"https:\/\/iautomato.sk\/sk\/produkt\/vzdialena-kontrola-vozidla\/","og_locale":"sk_SK","og_type":"article","og_title":"Vzdialen\u00e1 kontrola vozidla - Automato Slovensko","og_description":"Pl\u00e1nujete k\u00fapi\u0165 ojazden\u00e9 auto a m\u00e1te u\u017e vyhliadnut\u00fd ten spr\u00e1vny k\u00fasok, ale je na opa\u010dnom konci republiky? Zverte kontrolu na\u0161im mechanikom a my v\u00e1m povieme, \u010di pre neho m\u00e1 cenu jazdi\u0165.","og_url":"https:\/\/iautomato.sk\/sk\/produkt\/vzdialena-kontrola-vozidla\/","og_site_name":"Automato Slovensko","article_publisher":"https:\/\/www.facebook.com\/people\/Automato-SK\/100089303930614\/","article_modified_time":"2024-08-31T00:48:11+00:00","og_image":[{"width":1125,"height":675,"url":"https:\/\/iautomato.sk\/wp-content\/uploads\/sites\/3\/2022\/11\/Vzdialena-kontrola-vozidla.webp","type":"image\/webp"}],"twitter_card":"summary_large_image","schema":{"@context":"https:\/\/schema.org","@graph":[{"@type":"WebPage","@id":"https:\/\/iautomato.sk\/produkt\/vzdialena-kontrola-vozidla\/","url":"https:\/\/iautomato.sk\/produkt\/vzdialena-kontrola-vozidla\/","name":"Vzdialen\u00e1 kontrola vozidla - Automato Slovensko","isPartOf":{"@id":"https:\/\/iautomato.sk\/#website"},"primaryImageOfPage":{"@id":"https:\/\/iautomato.sk\/produkt\/vzdialena-kontrola-vozidla\/#primaryimage"},"image":{"@id":"https:\/\/iautomato.sk\/produkt\/vzdialena-kontrola-vozidla\/#primaryimage"},"thumbnailUrl":"https:\/\/iautomato.sk\/wp-content\/uploads\/sites\/3\/2022\/11\/Vzdialena-kontrola-vozidla.webp","datePublished":"2021-07-12T23:09:20+00:00","dateModified":"2024-08-31T00:48:11+00:00","description":"Pl\u00e1nujete k\u00fapi\u0165 ojazden\u00e9 auto a m\u00e1te u\u017e vyhliadnut\u00fd ten spr\u00e1vny k\u00fasok, ale je na opa\u010dnom konci republiky? Zverte kontrolu na\u0161im mechanikom a my v\u00e1m povieme, \u010di pre neho m\u00e1 cenu jazdi\u0165.","breadcrumb":{"@id":"https:\/\/iautomato.sk\/produkt\/vzdialena-kontrola-vozidla\/#breadcrumb"},"inLanguage":"sk-SK","potentialAction":[{"@type":"ReadAction","target":["https:\/\/iautomato.sk\/produkt\/vzdialena-kontrola-vozidla\/"]}]},{"@type":"ImageObject","inLanguage":"sk-SK","@id":"https:\/\/iautomato.sk\/produkt\/vzdialena-kontrola-vozidla\/#primaryimage","url":"https:\/\/iautomato.sk\/wp-content\/uploads\/sites\/3\/2022\/11\/Vzdialena-kontrola-vozidla.webp","contentUrl":"https:\/\/iautomato.sk\/wp-content\/uploads\/sites\/3\/2022\/11\/Vzdialena-kontrola-vozidla.webp","width":1125,"height":675,"caption":"Vzdialen\u00e1 kontrola vozidla"},{"@type":"BreadcrumbList","@id":"https:\/\/iautomato.sk\/produkt\/vzdialena-kontrola-vozidla\/#breadcrumb","itemListElement":[{"@type":"ListItem","position":1,"name":"Dom\u016f","item":"https:\/\/iautomato.sk\/"},{"@type":"ListItem","position":2,"name":"Produkty","item":"https:\/\/iautomato.sk\/shop\/"},{"@type":"ListItem","position":3,"name":"Vzdialen\u00e1 kontrola vozidla"}]},{"@type":"WebSite","@id":"https:\/\/iautomato.sk\/#website","url":"https:\/\/iautomato.sk\/","name":"Automato Slovensko","description":"Prever\u00edme ojazden\u00e9 auto pred k\u00fapou: R\u00fdchlo a po celom Slovensku","publisher":{"@id":"https:\/\/iautomato.sk\/#organization"},"potentialAction":[{"@type":"SearchAction","target":{"@type":"EntryPoint","urlTemplate":"https:\/\/iautomato.sk\/?s={search_term_string}"},"query-input":{"@type":"PropertyValueSpecification","valueRequired":true,"valueName":"search_term_string"}}],"inLanguage":"sk-SK"},{"@type":"Organization","@id":"https:\/\/iautomato.sk\/#organization","name":"Automato Slovensko","url":"https:\/\/iautomato.sk\/","logo":{"@type":"ImageObject","inLanguage":"sk-SK","@id":"https:\/\/iautomato.sk\/#\/schema\/logo\/image\/","url":"https:\/\/iautomato.sk\/wp-content\/uploads\/sites\/3\/2020\/02\/black_noBG.svg","contentUrl":"https:\/\/iautomato.sk\/wp-content\/uploads\/sites\/3\/2020\/02\/black_noBG.svg","caption":"Automato Slovensko"},"image":{"@id":"https:\/\/iautomato.sk\/#\/schema\/logo\/image\/"},"sameAs":["https:\/\/www.facebook.com\/people\/Automato-SK\/100089303930614\/","https:\/\/www.instagram.com\/automato.sk\/"]}]}},"_links":{"self":[{"href":"https:\/\/iautomato.sk\/sk\/wp-json\/wp\/v2\/product\/2951","targetHints":{"allow":["GET"]}}],"collection":[{"href":"https:\/\/iautomato.sk\/sk\/wp-json\/wp\/v2\/product"}],"about":[{"href":"https:\/\/iautomato.sk\/sk\/wp-json\/wp\/v2\/types\/product"}],"wp:featuredmedia":[{"embeddable":true,"href":"https:\/\/iautomato.sk\/sk\/wp-json\/wp\/v2\/media\/9465"}],"wp:attachment":[{"href":"https:\/\/iautomato.sk\/sk\/wp-json\/wp\/v2\/media?parent=2951"}],"wp:term":[{"taxonomy":"product_brand","embeddable":true,"href":"https:\/\/iautomato.sk\/sk\/wp-json\/wp\/v2\/product_brand?post=2951"},{"taxonomy":"product_cat","embeddable":true,"href":"https:\/\/iautomato.sk\/sk\/wp-json\/wp\/v2\/product_cat?post=2951"},{"taxonomy":"product_tag","embeddable":true,"href":"https:\/\/iautomato.sk\/sk\/wp-json\/wp\/v2\/product_tag?post=2951"}],"curies":[{"name":"wp","href":"https:\/\/api.w.org\/{rel}","templated":true}]}}