{"id":7994,"date":"2022-09-03T02:22:19","date_gmt":"2022-09-03T00:22:19","guid":{"rendered":"https:\/\/testwp.automato.cz\/?page_id=7994"},"modified":"2026-03-20T16:06:20","modified_gmt":"2026-03-20T15:06:20","slug":"recenzie-zakaznikov-2","status":"publish","type":"page","link":"https:\/\/iautomato.sk\/sk\/recenzie-zakaznikov\/","title":{"rendered":"Recenzie z\u00e1kazn\u00edkov"},"content":{"rendered":"<div data-elementor-type=\"wp-page\" data-elementor-id=\"7994\" class=\"elementor elementor-7994\" data-elementor-post-type=\"page\">\n\t\t\t\t\t\t<section class=\"elementor-section elementor-top-section elementor-element elementor-element-4c68f68 elementor-section-boxed elementor-section-height-default elementor-section-height-default\" data-id=\"4c68f68\" data-element_type=\"section\" data-e-type=\"section\" data-settings=\"{&quot;jet_parallax_layout_list&quot;:[],&quot;background_background&quot;:&quot;classic&quot;}\">\n\t\t\t\t\t\t\t<div class=\"elementor-background-overlay\"><\/div>\n\t\t\t\t\t\t\t<div class=\"elementor-container elementor-column-gap-default\">\n\t\t\t\t\t<div class=\"elementor-column elementor-col-100 elementor-top-column elementor-element elementor-element-a63632c\" data-id=\"a63632c\" data-element_type=\"column\" data-e-type=\"column\" data-settings=\"{&quot;background_background&quot;:&quot;classic&quot;}\">\n\t\t\t<div class=\"elementor-widget-wrap elementor-element-populated\">\n\t\t\t\t\t<div class=\"elementor-background-overlay\"><\/div>\n\t\t\t\t\t\t<div class=\"elementor-element elementor-element-0315cf6 elementor-widget elementor-widget-heading\" data-id=\"0315cf6\" data-element_type=\"widget\" data-e-type=\"widget\" data-widget_type=\"heading.default\">\n\t\t\t\t<div class=\"elementor-widget-container\">\n\t\t\t\t\t<h1 class=\"elementor-heading-title elementor-size-default\">Hodnotenie od na\u0161ich klientov<\/h1>\t\t\t\t<\/div>\n\t\t\t\t<\/div>\n\t\t\t\t<div class=\"elementor-element elementor-element-605e7b8 elementor-widget__width-inherit elementor-widget elementor-widget-heading\" data-id=\"605e7b8\" data-element_type=\"widget\" data-e-type=\"widget\" data-widget_type=\"heading.default\">\n\t\t\t\t<div class=\"elementor-widget-container\">\n\t\t\t\t\t<h4 class=\"elementor-heading-title elementor-size-default\"><a href=\"https:\/\/www.google.com\/maps\/place\/Automato+s.r.o.\/@50.0681171,14.435536,979m\/data=!3m1!1e3!4m8!3m7!1s0x89e24c6c1997df29:0xeb5b31fa39d0c7a5!8m2!3d50.0681171!4d14.435536!9m1!1b1!16s%2Fg%2F11rhw60ykz?entry=ttu&#038;g_ep=EgoyMDI2MDMxNy4wIKXMDSoASAFQAw%3D%3D\" target=\"_blank\" rel=\"nofollow\"><b>1900+<\/b> recenzi\u00ed na <a href=\"https:\/\/iautomato.sk\/sk\/recenzie-zakaznikov-2\/\" target=\"_blank\"><img decoding=\"async\" src=\"https:\/\/lh3.googleusercontent.com\/COxitqgJr1sJnIDe8-jiKhxDx1FrYbtRHKJ9z_hELisAlapwE9LUPh6fcXIfb5vwpbMl4xl9H9TRFPc5NOO8Sb3VSgIBrfRYvW6cUA\" class=\"googleLogo\" alt=\"Google recenzie\"><\/a><\/a><\/h4>\t\t\t\t<\/div>\n\t\t\t\t<\/div>\n\t\t\t\t<div class=\"elementor-element elementor-element-80dcca7 elementor-star-rating--align-center elementor--star-style-star_fontawesome elementor-widget elementor-widget-star-rating\" data-id=\"80dcca7\" data-element_type=\"widget\" data-e-type=\"widget\" data-widget_type=\"star-rating.default\">\n\t\t\t\t<div class=\"elementor-widget-container\">\n\t\t\t\t\t\t\t<div class=\"elementor-star-rating__wrapper\">\n\t\t\t\t\t\t\t<div class=\"elementor-star-rating__title\">4.9<\/div>\n\t\t\t\t\t\t<div class=\"elementor-star-rating\" itemtype=\"http:\/\/schema.org\/Rating\" itemscope=\"\" itemprop=\"reviewRating\">\n\t\t\t\t<i class=\"elementor-star-full\" aria-hidden=\"true\">\ue934<\/i><i class=\"elementor-star-full\" aria-hidden=\"true\">\ue934<\/i><i class=\"elementor-star-full\" aria-hidden=\"true\">\ue934<\/i><i class=\"elementor-star-full\" aria-hidden=\"true\">\ue934<\/i><i class=\"elementor-star-full\" aria-hidden=\"true\">\ue934<\/i>\t\t\t\t<span itemprop=\"ratingValue\" class=\"elementor-screen-only\" data-no-translation=\"\" data-trp-gettext=\"\">Hodnoten\u00e9 5 z 5<\/span>\n\t\t\t<\/div>\n\t\t<\/div>\n\t\t\t\t\t\t<\/div>\n\t\t\t\t<\/div>\n\t\t\t\t\t<\/div>\n\t\t<\/div>\n\t\t\t\t\t<\/div>\n\t\t<\/section>\n\t\t\t\t<section class=\"elementor-section elementor-top-section elementor-element elementor-element-a9a09d6 elementor-section-boxed elementor-section-height-default elementor-section-height-default\" data-id=\"a9a09d6\" data-element_type=\"section\" data-e-type=\"section\" data-settings=\"{&quot;jet_parallax_layout_list&quot;:[]}\">\n\t\t\t\t\t\t<div class=\"elementor-container elementor-column-gap-default\">\n\t\t\t\t\t<div class=\"elementor-column elementor-col-100 elementor-top-column elementor-element elementor-element-2617683\" data-id=\"2617683\" data-element_type=\"column\" data-e-type=\"column\">\n\t\t\t<div class=\"elementor-widget-wrap elementor-element-populated\">\n\t\t\t\t\t\t<div class=\"elementor-element elementor-element-a8e4b17 elementor-widget elementor-widget-jet-listing-grid\" data-id=\"a8e4b17\" data-element_type=\"widget\" data-e-type=\"widget\" data-settings=\"{&quot;columns&quot;:&quot;3&quot;,&quot;columns_tablet&quot;:&quot;2&quot;,&quot;columns_mobile&quot;:&quot;1&quot;}\" data-widget_type=\"jet-listing-grid.default\">\n\t\t\t\t<div class=\"elementor-widget-container\">\n\t\t\t\t\t<div class=\"jet-listing-grid jet-listing-grid--lazy-load jet-listing jet-listing-grid-loading\" data-lazy-load=\"{&quot;offset&quot;:&quot;47px&quot;,&quot;post_id&quot;:7994,&quot;queried_id&quot;:&quot;7994|WP_Post&quot;}\"><div class=\"jet-listing-grid__loader\"><div class=\"jet-listing-grid__loader-spinner\"><\/div><\/div><\/div>\t\t\t\t<\/div>\n\t\t\t\t<\/div>\n\t\t\t\t\t<\/div>\n\t\t<\/div>\n\t\t\t\t\t<\/div>\n\t\t<\/section>\n\t\t\t\t<\/div>","protected":false},"excerpt":{"rendered":"<p>Hodnotenie od na\u0161ich klientov 4.9 \ue934\ue934\ue934\ue934\ue934 Rated 5 out of 5<\/p>","protected":false},"author":1,"featured_media":0,"parent":0,"menu_order":0,"comment_status":"closed","ping_status":"closed","template":"elementor_header_footer","meta":{"_jf_limit_responses":"","footnotes":""},"class_list":["post-7994","page","type-page","status-publish","hentry","entry","owp-thumbs-layout-horizontal","owp-btn-big","owp-tabs-layout-section","has-no-thumbnails"],"yoast_head":"<!-- This site is optimized with the Yoast SEO plugin v27.3 - https:\/\/yoast.com\/product\/yoast-seo-wordpress\/ -->\n<title>Recenze z\u00e1kazn\u00edk\u016f - Automato Slovensko<\/title>\n<meta name=\"description\" content=\"Pre\u010d\u00edtajte si recenzie na\u0161ich spokojn\u00fdch z\u00e1kazn\u00edkov. Pridajte sa medzi nich a vyu\u017eite profesion\u00e1lne slu\u017eby Automato.sk pri v\u00fdbere v\u00e1\u0161ho vozidla.\" \/>\n<meta name=\"robots\" content=\"index, follow, max-snippet:-1, max-image-preview:large, max-video-preview:-1\" \/>\n<link rel=\"canonical\" href=\"https:\/\/iautomato.sk\/sk\/recenzie-zakaznikov-2\/\" \/>\n<meta property=\"og:locale\" content=\"sk_SK\" \/>\n<meta property=\"og:type\" content=\"article\" \/>\n<meta property=\"og:title\" content=\"Recenze z\u00e1kazn\u00edk\u016f - Automato Slovensko\" \/>\n<meta property=\"og:description\" content=\"Pre\u010d\u00edtajte si recenzie na\u0161ich spokojn\u00fdch z\u00e1kazn\u00edkov. Pridajte sa medzi nich a vyu\u017eite profesion\u00e1lne slu\u017eby Automato.sk pri v\u00fdbere v\u00e1\u0161ho vozidla.\" \/>\n<meta property=\"og:url\" content=\"https:\/\/iautomato.sk\/sk\/recenzie-zakaznikov-2\/\" \/>\n<meta property=\"og:site_name\" content=\"Automato Slovensko\" \/>\n<meta property=\"article:publisher\" content=\"https:\/\/www.facebook.com\/people\/Automato-SK\/100089303930614\/\" \/>\n<meta property=\"article:modified_time\" content=\"2026-03-20T15:06:20+00:00\" \/>\n<meta name=\"twitter:card\" content=\"summary_large_image\" \/>\n<meta name=\"twitter:label1\" content=\"Predpokladan\u00fd \u010das \u010d\u00edtania\" \/>\n\t<meta name=\"twitter:data1\" content=\"11 min\u00fat\" \/>\n<script type=\"application\/ld+json\" class=\"yoast-schema-graph\">{\"@context\":\"https:\\\/\\\/schema.org\",\"@graph\":[{\"@type\":\"WebPage\",\"@id\":\"https:\\\/\\\/iautomato.sk\\\/sk\\\/recenzie-zakaznikov-2\\\/\",\"url\":\"https:\\\/\\\/iautomato.sk\\\/sk\\\/recenzie-zakaznikov-2\\\/\",\"name\":\"Recenze z\u00e1kazn\u00edk\u016f - Automato Slovensko\",\"isPartOf\":{\"@id\":\"https:\\\/\\\/iautomato.sk\\\/#website\"},\"datePublished\":\"2022-09-03T00:22:19+00:00\",\"dateModified\":\"2026-03-20T15:06:20+00:00\",\"description\":\"Pre\u010d\u00edtajte si recenzie na\u0161ich spokojn\u00fdch z\u00e1kazn\u00edkov. Pridajte sa medzi nich a vyu\u017eite profesion\u00e1lne slu\u017eby Automato.sk pri v\u00fdbere v\u00e1\u0161ho vozidla.\",\"breadcrumb\":{\"@id\":\"https:\\\/\\\/iautomato.sk\\\/sk\\\/recenzie-zakaznikov-2\\\/#breadcrumb\"},\"inLanguage\":\"sk-SK\",\"potentialAction\":[{\"@type\":\"ReadAction\",\"target\":[\"https:\\\/\\\/iautomato.sk\\\/sk\\\/recenzie-zakaznikov-2\\\/\"]}]},{\"@type\":\"BreadcrumbList\",\"@id\":\"https:\\\/\\\/iautomato.sk\\\/sk\\\/recenzie-zakaznikov-2\\\/#breadcrumb\",\"itemListElement\":[{\"@type\":\"ListItem\",\"position\":1,\"name\":\"Dom\u016f\",\"item\":\"https:\\\/\\\/iautomato.sk\\\/sk\\\/\"},{\"@type\":\"ListItem\",\"position\":2,\"name\":\"Recenze z\u00e1kazn\u00edk\u016f\"}]},{\"@type\":\"WebSite\",\"@id\":\"https:\\\/\\\/iautomato.sk\\\/#website\",\"url\":\"https:\\\/\\\/iautomato.sk\\\/\",\"name\":\"Automato Slovensko\",\"description\":\"Prever\u00edme ojazden\u00e9 auto pred k\u00fapou: R\u00fdchlo a po celom Slovensku\",\"publisher\":{\"@id\":\"https:\\\/\\\/iautomato.sk\\\/#organization\"},\"potentialAction\":[{\"@type\":\"SearchAction\",\"target\":{\"@type\":\"EntryPoint\",\"urlTemplate\":\"https:\\\/\\\/iautomato.sk\\\/?s={search_term_string}\"},\"query-input\":{\"@type\":\"PropertyValueSpecification\",\"valueRequired\":true,\"valueName\":\"search_term_string\"}}],\"inLanguage\":\"sk-SK\"},{\"@type\":\"Organization\",\"@id\":\"https:\\\/\\\/iautomato.sk\\\/#organization\",\"name\":\"Automato Slovensko\",\"url\":\"https:\\\/\\\/iautomato.sk\\\/\",\"logo\":{\"@type\":\"ImageObject\",\"inLanguage\":\"sk-SK\",\"@id\":\"https:\\\/\\\/iautomato.sk\\\/#\\\/schema\\\/logo\\\/image\\\/\",\"url\":\"https:\\\/\\\/iautomato.sk\\\/wp-content\\\/uploads\\\/sites\\\/3\\\/2020\\\/02\\\/black_noBG.svg\",\"contentUrl\":\"https:\\\/\\\/iautomato.sk\\\/wp-content\\\/uploads\\\/sites\\\/3\\\/2020\\\/02\\\/black_noBG.svg\",\"caption\":\"Automato Slovensko\"},\"image\":{\"@id\":\"https:\\\/\\\/iautomato.sk\\\/#\\\/schema\\\/logo\\\/image\\\/\"},\"sameAs\":[\"https:\\\/\\\/www.facebook.com\\\/people\\\/Automato-SK\\\/100089303930614\\\/\",\"https:\\\/\\\/www.instagram.com\\\/automato.sk\\\/\"]}]}<\/script>\n<!-- \/ Yoast SEO plugin. -->","yoast_head_json":{"title":"Recenzie z\u00e1kazn\u00edkov - Automato Slovensko","description":"Pre\u010d\u00edtajte si recenzie na\u0161ich spokojn\u00fdch z\u00e1kazn\u00edkov. Pridajte sa medzi nich a vyu\u017eijte profesion\u00e1lne slu\u017eby Automato.sk pri v\u00fdbere v\u00e1\u0161ho vozidla.","robots":{"index":"index","follow":"follow","max-snippet":"max-snippet:-1","max-image-preview":"max-image-preview:large","max-video-preview":"max-video-preview:-1"},"canonical":"https:\/\/iautomato.sk\/sk\/recenzie-zakaznikov-2\/","og_locale":"sk_SK","og_type":"article","og_title":"Recenze z\u00e1kazn\u00edk\u016f - Automato Slovensko","og_description":"Pre\u010d\u00edtajte si recenzie na\u0161ich spokojn\u00fdch z\u00e1kazn\u00edkov. Pridajte sa medzi nich a vyu\u017eite profesion\u00e1lne slu\u017eby Automato.sk pri v\u00fdbere v\u00e1\u0161ho vozidla.","og_url":"https:\/\/iautomato.sk\/sk\/recenzie-zakaznikov-2\/","og_site_name":"Automato Slovensko","article_publisher":"https:\/\/www.facebook.com\/people\/Automato-SK\/100089303930614\/","article_modified_time":"2026-03-20T15:06:20+00:00","twitter_card":"summary_large_image","twitter_misc":{"Predpokladan\u00fd \u010das \u010d\u00edtania":"11 min\u00fat"},"schema":{"@context":"https:\/\/schema.org","@graph":[{"@type":"WebPage","@id":"https:\/\/iautomato.sk\/sk\/recenzie-zakaznikov-2\/","url":"https:\/\/iautomato.sk\/sk\/recenzie-zakaznikov-2\/","name":"Recenzie z\u00e1kazn\u00edkov - Automato Slovensko","isPartOf":{"@id":"https:\/\/iautomato.sk\/#website"},"datePublished":"2022-09-03T00:22:19+00:00","dateModified":"2026-03-20T15:06:20+00:00","description":"Pre\u010d\u00edtajte si recenzie na\u0161ich spokojn\u00fdch z\u00e1kazn\u00edkov. Pridajte sa medzi nich a vyu\u017eijte profesion\u00e1lne slu\u017eby Automato.sk pri v\u00fdbere v\u00e1\u0161ho vozidla.","breadcrumb":{"@id":"https:\/\/iautomato.sk\/sk\/recenzie-zakaznikov-2\/#breadcrumb"},"inLanguage":"sk-SK","potentialAction":[{"@type":"ReadAction","target":["https:\/\/iautomato.sk\/sk\/recenzie-zakaznikov-2\/"]}]},{"@type":"BreadcrumbList","@id":"https:\/\/iautomato.sk\/sk\/recenzie-zakaznikov-2\/#breadcrumb","itemListElement":[{"@type":"ListItem","position":1,"name":"Dom\u016f","item":"https:\/\/iautomato.sk\/sk\/"},{"@type":"ListItem","position":2,"name":"Recenze z\u00e1kazn\u00edk\u016f"}]},{"@type":"WebSite","@id":"https:\/\/iautomato.sk\/#website","url":"https:\/\/iautomato.sk\/","name":"Automato Slovensko","description":"Prever\u00edme ojazden\u00e9 auto pred k\u00fapou: R\u00fdchlo a po celom Slovensku","publisher":{"@id":"https:\/\/iautomato.sk\/#organization"},"potentialAction":[{"@type":"SearchAction","target":{"@type":"EntryPoint","urlTemplate":"https:\/\/iautomato.sk\/?s={search_term_string}"},"query-input":{"@type":"PropertyValueSpecification","valueRequired":true,"valueName":"search_term_string"}}],"inLanguage":"sk-SK"},{"@type":"Organization","@id":"https:\/\/iautomato.sk\/#organization","name":"Automato Slovensko","url":"https:\/\/iautomato.sk\/","logo":{"@type":"ImageObject","inLanguage":"sk-SK","@id":"https:\/\/iautomato.sk\/#\/schema\/logo\/image\/","url":"https:\/\/iautomato.sk\/wp-content\/uploads\/sites\/3\/2020\/02\/black_noBG.svg","contentUrl":"https:\/\/iautomato.sk\/wp-content\/uploads\/sites\/3\/2020\/02\/black_noBG.svg","caption":"Automato Slovensko"},"image":{"@id":"https:\/\/iautomato.sk\/#\/schema\/logo\/image\/"},"sameAs":["https:\/\/www.facebook.com\/people\/Automato-SK\/100089303930614\/","https:\/\/www.instagram.com\/automato.sk\/"]}]}},"_links":{"self":[{"href":"https:\/\/iautomato.sk\/sk\/wp-json\/wp\/v2\/pages\/7994","targetHints":{"allow":["GET"]}}],"collection":[{"href":"https:\/\/iautomato.sk\/sk\/wp-json\/wp\/v2\/pages"}],"about":[{"href":"https:\/\/iautomato.sk\/sk\/wp-json\/wp\/v2\/types\/page"}],"author":[{"embeddable":true,"href":"https:\/\/iautomato.sk\/sk\/wp-json\/wp\/v2\/users\/1"}],"replies":[{"embeddable":true,"href":"https:\/\/iautomato.sk\/sk\/wp-json\/wp\/v2\/comments?post=7994"}],"version-history":[{"count":10,"href":"https:\/\/iautomato.sk\/sk\/wp-json\/wp\/v2\/pages\/7994\/revisions"}],"predecessor-version":[{"id":15269,"href":"https:\/\/iautomato.sk\/sk\/wp-json\/wp\/v2\/pages\/7994\/revisions\/15269"}],"wp:attachment":[{"href":"https:\/\/iautomato.sk\/sk\/wp-json\/wp\/v2\/media?parent=7994"}],"curies":[{"name":"wp","href":"https:\/\/api.w.org\/{rel}","templated":true}]}}