{"id":5545,"date":"2022-01-02T21:33:31","date_gmt":"2022-01-02T20:33:31","guid":{"rendered":"https:\/\/testwp.automato.cz\/?page_id=5545"},"modified":"2025-11-14T11:30:47","modified_gmt":"2025-11-14T10:30:47","slug":"reklamacia","status":"publish","type":"page","link":"https:\/\/iautomato.sk\/sk\/reklamace\/","title":{"rendered":"Reklam\u00e1cia"},"content":{"rendered":"\t\t<div data-elementor-type=\"wp-page\" data-elementor-id=\"5545\" class=\"elementor elementor-5545\" data-elementor-post-type=\"page\">\n\t\t\t\t\t\t<section class=\"elementor-section elementor-top-section elementor-element elementor-element-433c1d5 elementor-section-boxed elementor-section-height-default elementor-section-height-default\" data-id=\"433c1d5\" data-element_type=\"section\" data-e-type=\"section\" data-settings=\"{&quot;jet_parallax_layout_list&quot;:[{&quot;jet_parallax_layout_image&quot;:{&quot;url&quot;:&quot;&quot;,&quot;id&quot;:&quot;&quot;,&quot;size&quot;:&quot;&quot;},&quot;_id&quot;:&quot;81eec7f&quot;,&quot;jet_parallax_layout_image_tablet&quot;:{&quot;url&quot;:&quot;&quot;,&quot;id&quot;:&quot;&quot;,&quot;size&quot;:&quot;&quot;},&quot;jet_parallax_layout_image_mobile&quot;:{&quot;url&quot;:&quot;&quot;,&quot;id&quot;:&quot;&quot;,&quot;size&quot;:&quot;&quot;},&quot;jet_parallax_layout_speed&quot;:{&quot;unit&quot;:&quot;%&quot;,&quot;size&quot;:50,&quot;sizes&quot;:[]},&quot;jet_parallax_layout_type&quot;:&quot;scroll&quot;,&quot;jet_parallax_layout_direction&quot;:null,&quot;jet_parallax_layout_fx_direction&quot;:null,&quot;jet_parallax_layout_z_index&quot;:&quot;&quot;,&quot;jet_parallax_layout_bg_x&quot;:50,&quot;jet_parallax_layout_bg_x_tablet&quot;:&quot;&quot;,&quot;jet_parallax_layout_bg_x_mobile&quot;:&quot;&quot;,&quot;jet_parallax_layout_bg_y&quot;:50,&quot;jet_parallax_layout_bg_y_tablet&quot;:&quot;&quot;,&quot;jet_parallax_layout_bg_y_mobile&quot;:&quot;&quot;,&quot;jet_parallax_layout_bg_size&quot;:&quot;auto&quot;,&quot;jet_parallax_layout_bg_size_tablet&quot;:&quot;&quot;,&quot;jet_parallax_layout_bg_size_mobile&quot;:&quot;&quot;,&quot;jet_parallax_layout_animation_prop&quot;:&quot;transform&quot;,&quot;jet_parallax_layout_on&quot;:[&quot;desktop&quot;,&quot;tablet&quot;]}]}\">\n\t\t\t\t\t\t<div class=\"elementor-container elementor-column-gap-default\">\n\t\t\t\t\t<div class=\"elementor-column elementor-col-100 elementor-top-column elementor-element elementor-element-8a77469\" data-id=\"8a77469\" data-element_type=\"column\" data-e-type=\"column\">\n\t\t\t<div class=\"elementor-widget-wrap elementor-element-populated\">\n\t\t\t\t\t\t<div class=\"elementor-element elementor-element-b038ffe elementor-widget elementor-widget-heading\" data-id=\"b038ffe\" data-element_type=\"widget\" data-e-type=\"widget\" data-widget_type=\"heading.default\">\n\t\t\t\t<div class=\"elementor-widget-container\">\n\t\t\t\t\t<h4 class=\"elementor-heading-title elementor-size-default\">Reklamace a vr\u00e1cen\u00ed<\/h4>\t\t\t\t<\/div>\n\t\t\t\t<\/div>\n\t\t\t\t<div class=\"elementor-element elementor-element-2741571 elementor-widget elementor-widget-heading\" data-id=\"2741571\" data-element_type=\"widget\" data-e-type=\"widget\" data-widget_type=\"heading.default\">\n\t\t\t\t<div class=\"elementor-widget-container\">\n\t\t\t\t\t<h6 class=\"elementor-heading-title elementor-size-default\">Reklama\u010dn\u00ed formul\u00e1\u0159<\/h6>\t\t\t\t<\/div>\n\t\t\t\t<\/div>\n\t\t\t\t<div class=\"elementor-element elementor-element-445515e elementor-widget elementor-widget-heading\" data-id=\"445515e\" data-element_type=\"widget\" data-e-type=\"widget\" data-widget_type=\"heading.default\">\n\t\t\t\t<div class=\"elementor-widget-container\">\n\t\t\t\t\t<h6 class=\"elementor-heading-title elementor-size-default\">Pros\u00edm uv\u00e1d\u011bjte stejn\u00e9 informace jako jste uv\u00e1d\u011bli p\u0159i objedn\u00e1vce, t\u00edmto zp\u016fsobem m\u016f\u017eeme ov\u011b\u0159it a identifikovat objedn\u00e1vku.<\/h6>\t\t\t\t<\/div>\n\t\t\t\t<\/div>\n\t\t\t\t<div class=\"elementor-element elementor-element-e969591 elementor-button-align-start elementor-mobile-button-align-stretch elementor-widget elementor-widget-form\" data-id=\"e969591\" data-element_type=\"widget\" data-e-type=\"widget\" data-settings=\"{&quot;step_next_label&quot;:&quot;Next&quot;,&quot;step_previous_label&quot;:&quot;Previous&quot;,&quot;_animation&quot;:&quot;none&quot;,&quot;button_width&quot;:&quot;100&quot;,&quot;step_type&quot;:&quot;number_text&quot;,&quot;step_icon_shape&quot;:&quot;circle&quot;}\" data-widget_type=\"form.default\">\n\t\t\t\t<div class=\"elementor-widget-container\">\n\t\t\t\t\t\t\t<form class=\"elementor-form\" method=\"post\" name=\"Customer_form\">\n\t\t\t<input type=\"hidden\" name=\"post_id\" value=\"5545\"\/>\n\t\t\t<input type=\"hidden\" name=\"form_id\" value=\"e969591\"\/>\n\t\t\t<input type=\"hidden\" name=\"referer_title\" value=\"Automato Slovensko\" \/>\n\n\t\t\t\n\t\t\t<div class=\"elementor-form-fields-wrapper elementor-labels-above\">\n\t\t\t\t\t\t\t\t<div class=\"elementor-field-type-text elementor-field-group elementor-column elementor-field-group-customer_name elementor-col-33 elementor-md-33 elementor-field-required\">\n\t\t\t\t\t\t\t\t\t\t\t\t<label for=\"form-field-customer_name\" class=\"elementor-field-label\">\n\t\t\t\t\t\t\t\tJM\u00c9NO\t\t\t\t\t\t\t<\/label>\n\t\t\t\t\t\t\t\t\t\t\t\t\t\t<input size=\"1\" type=\"text\" name=\"form_fields[customer_name]\" id=\"form-field-customer_name\" class=\"elementor-field elementor-size-sm  elementor-field-textual\" placeholder=\"Jm\u00e9no\" required=\"required\">\n\t\t\t\t\t\t\t\t\t\t\t<\/div>\n\t\t\t\t\t\t\t\t<div class=\"elementor-field-type-text elementor-field-group elementor-column elementor-field-group-customer_surname elementor-col-33 elementor-field-required\">\n\t\t\t\t\t\t\t\t\t\t\t\t<label for=\"form-field-customer_surname\" class=\"elementor-field-label\">\n\t\t\t\t\t\t\t\tP\u0158IJMEN\u00cd\t\t\t\t\t\t\t<\/label>\n\t\t\t\t\t\t\t\t\t\t\t\t\t\t<input size=\"1\" type=\"text\" name=\"form_fields[customer_surname]\" id=\"form-field-customer_surname\" class=\"elementor-field elementor-size-sm  elementor-field-textual\" placeholder=\"P\u0159ijmen\u00ed\" required=\"required\">\n\t\t\t\t\t\t\t\t\t\t\t<\/div>\n\t\t\t\t\t\t\t\t<div class=\"elementor-field-type-email elementor-field-group elementor-column elementor-field-group-customer_email elementor-col-33 elementor-field-required\">\n\t\t\t\t\t\t\t\t\t\t\t\t<label for=\"form-field-customer_email\" class=\"elementor-field-label\">\n\t\t\t\t\t\t\t\tE-MAIL\t\t\t\t\t\t\t<\/label>\n\t\t\t\t\t\t\t\t\t\t\t\t\t\t<input size=\"1\" type=\"email\" name=\"form_fields[customer_email]\" id=\"form-field-customer_email\" class=\"elementor-field elementor-size-sm  elementor-field-textual\" placeholder=\"email@gmail.com\" required=\"required\">\n\t\t\t\t\t\t\t\t\t\t\t<\/div>\n\t\t\t\t\t\t\t\t<div class=\"elementor-field-type-select elementor-field-group elementor-column elementor-field-group-return elementor-col-33 elementor-field-required\">\n\t\t\t\t\t\t\t\t\t\t\t\t<label for=\"form-field-return\" class=\"elementor-field-label\">\n\t\t\t\t\t\t\t\tTYP REKLAMACE\t\t\t\t\t\t\t<\/label>\n\t\t\t\t\t\t\t\t<div class=\"elementor-field elementor-select-wrapper remove-before \">\n\t\t\t<div class=\"select-caret-down-wrapper\">\n\t\t\t\t<i aria-hidden=\"true\" class=\"eicon-caret-down\"><\/i>\t\t\t<\/div>\n\t\t\t<select name=\"form_fields[return]\" id=\"form-field-return\" class=\"elementor-field-textual elementor-size-sm\" required=\"required\">\n\t\t\t\t\t\t\t\t\t<option value=\"Vr\u00e1cen\u00ed do 14 dn\u016f\">Vr\u00e1cen\u00ed do 14 dn\u016f<\/option>\n\t\t\t\t\t\t\t\t\t<option value=\"Reklamace\">Reklamace<\/option>\n\t\t\t\t\t\t\t<\/select>\n\t\t<\/div>\n\t\t\t\t\t\t<\/div>\n\t\t\t\t\t\t\t\t<div class=\"elementor-field-type-text elementor-field-group elementor-column elementor-field-group-order_number elementor-col-33 elementor-field-required\">\n\t\t\t\t\t\t\t\t\t\t\t\t<label for=\"form-field-order_number\" class=\"elementor-field-label\">\n\t\t\t\t\t\t\t\t\u010c\u00cdSLO OBJEDN\u00c1VKY\t\t\t\t\t\t\t<\/label>\n\t\t\t\t\t\t\t\t\t\t\t\t\t\t<input size=\"1\" type=\"text\" name=\"form_fields[order_number]\" id=\"form-field-order_number\" class=\"elementor-field elementor-size-sm  elementor-field-textual\" placeholder=\"123456\" required=\"required\">\n\t\t\t\t\t\t\t\t\t\t\t<\/div>\n\t\t\t\t\t\t\t\t<div class=\"elementor-field-type-textarea elementor-field-group elementor-column elementor-field-group-reason elementor-col-100 elementor-field-required\">\n\t\t\t\t\t\t\t\t\t\t\t\t<label for=\"form-field-reason\" class=\"elementor-field-label\">\n\t\t\t\t\t\t\t\tD\u016eVOD PRO REKLAMACI NEBO VR\u00c1CEN\u00cd\t\t\t\t\t\t\t<\/label>\n\t\t\t\t\t\t<textarea class=\"elementor-field-textual elementor-field  elementor-size-sm\" name=\"form_fields[reason]\" id=\"form-field-reason\" rows=\"3\" placeholder=\"Stalo se n\u011bco \u0161patn\u011b a m\u016f\u017eeme to n\u011bjak napravit?\" required=\"required\"><\/textarea>\t\t\t\t<\/div>\n\t\t\t\t\t\t\t\t<div class=\"elementor-field-type-recaptcha_v3 elementor-field-group elementor-column elementor-field-group-field_dd16fbe elementor-col-100 recaptcha_v3-bottomleft\">\n\t\t\t\t\t<div class=\"elementor-field\" id=\"form-field-field_dd16fbe\"><div class=\"elementor-g-recaptcha\" data-sitekey=\"6LdWe8UZAAAAAGIkdiV8WEWcNfnb92NTRYyyGeOM\" data-type=\"v3\" data-action=\"Form\" data-badge=\"bottomleft\" data-size=\"invisible\"><\/div><\/div>\t\t\t\t<\/div>\n\t\t\t\t\t\t\t\t<div class=\"elementor-field-type-upload elementor-field-group elementor-column elementor-field-group-documents elementor-col-100\">\n\t\t\t\t\t\t\t\t\t\t\t\t<label for=\"form-field-documents\" class=\"elementor-field-label\">\n\t\t\t\t\t\t\t\tDOKUMENTY\t\t\t\t\t\t\t<\/label>\n\t\t\t\t\t\t\t\t<input type=\"file\" name=\"form_fields[documents][]\" id=\"form-field-documents\" class=\"elementor-field elementor-size-sm  elementor-upload-field\" multiple=\"multiple\" data-maxsize=\"1\" data-maxsize-message=\"This file exceeds the maximum allowed size.\">\n\n\t\t\t\t\t\t<\/div>\n\t\t\t\t\t\t\t\t<div class=\"elementor-field-group elementor-column elementor-field-type-submit elementor-col-100 e-form__buttons\">\n\t\t\t\t\t<button class=\"elementor-button elementor-size-xs\" type=\"submit\">\n\t\t\t\t\t\t<span class=\"elementor-button-content-wrapper\">\n\t\t\t\t\t\t\t\t\t\t\t\t\t\t\t\t\t\t\t\t\t\t<span class=\"elementor-button-text\">Odeslat<\/span>\n\t\t\t\t\t\t\t\t\t\t\t\t\t<\/span>\n\t\t\t\t\t<\/button>\n\t\t\t\t<\/div>\n\t\t\t<\/div>\n\t\t<\/form>\n\t\t\t\t\t\t<\/div>\n\t\t\t\t<\/div>\n\t\t\t\t\t<\/div>\n\t\t<\/div>\n\t\t\t\t\t<\/div>\n\t\t<\/section>\n\t\t\t\t<\/div>\n\t\t","protected":false},"excerpt":{"rendered":"<p>Reklam\u00e1cia a vr\u00e1tenie Reklama\u010dn\u00fd formul\u00e1r Pros\u00edm uv\u00e1dzajte rovnak\u00e9 inform\u00e1cie ako ste uv\u00e1dzali pri objedn\u00e1vke, t\u00fdmto sp\u00f4sobom m\u00f4\u017eeme overi\u0165 a identifikova\u0165 objedn\u00e1vku.<\/p>","protected":false},"author":1,"featured_media":0,"parent":0,"menu_order":0,"comment_status":"closed","ping_status":"closed","template":"","meta":{"_jf_limit_responses":"","footnotes":""},"class_list":["post-5545","page","type-page","status-publish","hentry","entry","owp-thumbs-layout-horizontal","owp-btn-big","owp-tabs-layout-section","has-no-thumbnails"],"yoast_head":"<!-- This site is optimized with the Yoast SEO plugin v27.3 - https:\/\/yoast.com\/product\/yoast-seo-wordpress\/ -->\n<title>Reklamace - Automato Slovensko<\/title>\n<meta name=\"description\" content=\"Pohodln\u00fd reklama\u010dn\u00fd formul\u00e1r pre va\u0161e reklam\u00e1cie a n\u00e1mety. Vypl\u0148te formul\u00e1r a my sa v\u00e1m budeme obratom venova\u0165.\" \/>\n<meta name=\"robots\" content=\"index, follow, max-snippet:-1, max-image-preview:large, max-video-preview:-1\" \/>\n<link rel=\"canonical\" href=\"https:\/\/iautomato.sk\/sk\/reklamacia\/\" \/>\n<meta property=\"og:locale\" content=\"sk_SK\" \/>\n<meta property=\"og:type\" content=\"article\" \/>\n<meta property=\"og:title\" content=\"Reklamace - Automato Slovensko\" \/>\n<meta property=\"og:description\" content=\"Pohodln\u00fd reklama\u010dn\u00fd formul\u00e1r pre va\u0161e reklam\u00e1cie a n\u00e1mety. Vypl\u0148te formul\u00e1r a my sa v\u00e1m budeme obratom venova\u0165.\" \/>\n<meta property=\"og:url\" content=\"https:\/\/iautomato.sk\/sk\/reklamacia\/\" \/>\n<meta property=\"og:site_name\" content=\"Automato Slovensko\" \/>\n<meta property=\"article:publisher\" content=\"https:\/\/www.facebook.com\/people\/Automato-SK\/100089303930614\/\" \/>\n<meta property=\"article:modified_time\" content=\"2025-11-14T10:30:47+00:00\" \/>\n<meta name=\"twitter:card\" content=\"summary_large_image\" \/>\n<meta name=\"twitter:label1\" content=\"Predpokladan\u00fd \u010das \u010d\u00edtania\" \/>\n\t<meta name=\"twitter:data1\" content=\"1 min\u00fata\" \/>\n<script type=\"application\/ld+json\" class=\"yoast-schema-graph\">{\"@context\":\"https:\\\/\\\/schema.org\",\"@graph\":[{\"@type\":\"WebPage\",\"@id\":\"https:\\\/\\\/iautomato.sk\\\/reklamace\\\/\",\"url\":\"https:\\\/\\\/iautomato.sk\\\/reklamace\\\/\",\"name\":\"Reklamace - Automato Slovensko\",\"isPartOf\":{\"@id\":\"https:\\\/\\\/iautomato.sk\\\/#website\"},\"datePublished\":\"2022-01-02T20:33:31+00:00\",\"dateModified\":\"2025-11-14T10:30:47+00:00\",\"description\":\"Pohodln\u00fd reklama\u010dn\u00fd formul\u00e1r pre va\u0161e reklam\u00e1cie a n\u00e1mety. Vypl\u0148te formul\u00e1r a my sa v\u00e1m budeme obratom venova\u0165.\",\"breadcrumb\":{\"@id\":\"https:\\\/\\\/iautomato.sk\\\/reklamace\\\/#breadcrumb\"},\"inLanguage\":\"sk-SK\",\"potentialAction\":[{\"@type\":\"ReadAction\",\"target\":[\"https:\\\/\\\/iautomato.sk\\\/reklamace\\\/\"]}]},{\"@type\":\"BreadcrumbList\",\"@id\":\"https:\\\/\\\/iautomato.sk\\\/reklamace\\\/#breadcrumb\",\"itemListElement\":[{\"@type\":\"ListItem\",\"position\":1,\"name\":\"Dom\u016f\",\"item\":\"https:\\\/\\\/iautomato.sk\\\/sk\\\/\"},{\"@type\":\"ListItem\",\"position\":2,\"name\":\"Reklamace\"}]},{\"@type\":\"WebSite\",\"@id\":\"https:\\\/\\\/iautomato.sk\\\/#website\",\"url\":\"https:\\\/\\\/iautomato.sk\\\/\",\"name\":\"Automato Slovensko\",\"description\":\"Prever\u00edme ojazden\u00e9 auto pred k\u00fapou: R\u00fdchlo a po celom Slovensku\",\"publisher\":{\"@id\":\"https:\\\/\\\/iautomato.sk\\\/#organization\"},\"potentialAction\":[{\"@type\":\"SearchAction\",\"target\":{\"@type\":\"EntryPoint\",\"urlTemplate\":\"https:\\\/\\\/iautomato.sk\\\/?s={search_term_string}\"},\"query-input\":{\"@type\":\"PropertyValueSpecification\",\"valueRequired\":true,\"valueName\":\"search_term_string\"}}],\"inLanguage\":\"sk-SK\"},{\"@type\":\"Organization\",\"@id\":\"https:\\\/\\\/iautomato.sk\\\/#organization\",\"name\":\"Automato Slovensko\",\"url\":\"https:\\\/\\\/iautomato.sk\\\/\",\"logo\":{\"@type\":\"ImageObject\",\"inLanguage\":\"sk-SK\",\"@id\":\"https:\\\/\\\/iautomato.sk\\\/#\\\/schema\\\/logo\\\/image\\\/\",\"url\":\"https:\\\/\\\/iautomato.sk\\\/wp-content\\\/uploads\\\/sites\\\/3\\\/2020\\\/02\\\/black_noBG.svg\",\"contentUrl\":\"https:\\\/\\\/iautomato.sk\\\/wp-content\\\/uploads\\\/sites\\\/3\\\/2020\\\/02\\\/black_noBG.svg\",\"caption\":\"Automato Slovensko\"},\"image\":{\"@id\":\"https:\\\/\\\/iautomato.sk\\\/#\\\/schema\\\/logo\\\/image\\\/\"},\"sameAs\":[\"https:\\\/\\\/www.facebook.com\\\/people\\\/Automato-SK\\\/100089303930614\\\/\",\"https:\\\/\\\/www.instagram.com\\\/automato.sk\\\/\"]}]}<\/script>\n<!-- \/ Yoast SEO plugin. -->","yoast_head_json":{"title":"Reklam\u00e1cia - Automato Slovensko","description":"Pohodln\u00fd reklama\u010dn\u00fd formul\u00e1r pre va\u0161e reklam\u00e1cie a n\u00e1mety. Vypl\u0148te formul\u00e1r a my sa v\u00e1m budeme obratom venova\u0165.","robots":{"index":"index","follow":"follow","max-snippet":"max-snippet:-1","max-image-preview":"max-image-preview:large","max-video-preview":"max-video-preview:-1"},"canonical":"https:\/\/iautomato.sk\/sk\/reklamacia\/","og_locale":"sk_SK","og_type":"article","og_title":"Reklamace - Automato Slovensko","og_description":"Pohodln\u00fd reklama\u010dn\u00fd formul\u00e1r pre va\u0161e reklam\u00e1cie a n\u00e1mety. Vypl\u0148te formul\u00e1r a my sa v\u00e1m budeme obratom venova\u0165.","og_url":"https:\/\/iautomato.sk\/sk\/reklamacia\/","og_site_name":"Automato Slovensko","article_publisher":"https:\/\/www.facebook.com\/people\/Automato-SK\/100089303930614\/","article_modified_time":"2025-11-14T10:30:47+00:00","twitter_card":"summary_large_image","twitter_misc":{"Predpokladan\u00fd \u010das \u010d\u00edtania":"1 min\u00fata"},"schema":{"@context":"https:\/\/schema.org","@graph":[{"@type":"WebPage","@id":"https:\/\/iautomato.sk\/reklamace\/","url":"https:\/\/iautomato.sk\/reklamace\/","name":"Reklam\u00e1cia - Automato Slovensko","isPartOf":{"@id":"https:\/\/iautomato.sk\/#website"},"datePublished":"2022-01-02T20:33:31+00:00","dateModified":"2025-11-14T10:30:47+00:00","description":"Pohodln\u00fd reklama\u010dn\u00fd formul\u00e1r pre va\u0161e reklam\u00e1cie a n\u00e1mety. Vypl\u0148te formul\u00e1r a my sa v\u00e1m budeme obratom venova\u0165.","breadcrumb":{"@id":"https:\/\/iautomato.sk\/reklamace\/#breadcrumb"},"inLanguage":"sk-SK","potentialAction":[{"@type":"ReadAction","target":["https:\/\/iautomato.sk\/reklamace\/"]}]},{"@type":"BreadcrumbList","@id":"https:\/\/iautomato.sk\/reklamace\/#breadcrumb","itemListElement":[{"@type":"ListItem","position":1,"name":"Dom\u016f","item":"https:\/\/iautomato.sk\/sk\/"},{"@type":"ListItem","position":2,"name":"Reklamace"}]},{"@type":"WebSite","@id":"https:\/\/iautomato.sk\/#website","url":"https:\/\/iautomato.sk\/","name":"Automato Slovensko","description":"Prever\u00edme ojazden\u00e9 auto pred k\u00fapou: R\u00fdchlo a po celom Slovensku","publisher":{"@id":"https:\/\/iautomato.sk\/#organization"},"potentialAction":[{"@type":"SearchAction","target":{"@type":"EntryPoint","urlTemplate":"https:\/\/iautomato.sk\/?s={search_term_string}"},"query-input":{"@type":"PropertyValueSpecification","valueRequired":true,"valueName":"search_term_string"}}],"inLanguage":"sk-SK"},{"@type":"Organization","@id":"https:\/\/iautomato.sk\/#organization","name":"Automato Slovensko","url":"https:\/\/iautomato.sk\/","logo":{"@type":"ImageObject","inLanguage":"sk-SK","@id":"https:\/\/iautomato.sk\/#\/schema\/logo\/image\/","url":"https:\/\/iautomato.sk\/wp-content\/uploads\/sites\/3\/2020\/02\/black_noBG.svg","contentUrl":"https:\/\/iautomato.sk\/wp-content\/uploads\/sites\/3\/2020\/02\/black_noBG.svg","caption":"Automato Slovensko"},"image":{"@id":"https:\/\/iautomato.sk\/#\/schema\/logo\/image\/"},"sameAs":["https:\/\/www.facebook.com\/people\/Automato-SK\/100089303930614\/","https:\/\/www.instagram.com\/automato.sk\/"]}]}},"_links":{"self":[{"href":"https:\/\/iautomato.sk\/sk\/wp-json\/wp\/v2\/pages\/5545","targetHints":{"allow":["GET"]}}],"collection":[{"href":"https:\/\/iautomato.sk\/sk\/wp-json\/wp\/v2\/pages"}],"about":[{"href":"https:\/\/iautomato.sk\/sk\/wp-json\/wp\/v2\/types\/page"}],"author":[{"embeddable":true,"href":"https:\/\/iautomato.sk\/sk\/wp-json\/wp\/v2\/users\/1"}],"replies":[{"embeddable":true,"href":"https:\/\/iautomato.sk\/sk\/wp-json\/wp\/v2\/comments?post=5545"}],"version-history":[{"count":11,"href":"https:\/\/iautomato.sk\/sk\/wp-json\/wp\/v2\/pages\/5545\/revisions"}],"predecessor-version":[{"id":14844,"href":"https:\/\/iautomato.sk\/sk\/wp-json\/wp\/v2\/pages\/5545\/revisions\/14844"}],"wp:attachment":[{"href":"https:\/\/iautomato.sk\/sk\/wp-json\/wp\/v2\/media?parent=5545"}],"curies":[{"name":"wp","href":"https:\/\/api.w.org\/{rel}","templated":true}]}}