{"id":2711,"date":"2021-05-11T01:15:37","date_gmt":"2021-05-10T23:15:37","guid":{"rendered":"https:\/\/testwp.automato.cz\/?page_id=2711"},"modified":"2024-09-05T04:20:52","modified_gmt":"2024-09-05T02:20:52","slug":"platba","status":"publish","type":"page","link":"https:\/\/iautomato.sk\/sk\/platba\/","title":{"rendered":"Platba"},"content":{"rendered":"<div data-elementor-type=\"wp-page\" data-elementor-id=\"2711\" class=\"elementor elementor-2711\" data-elementor-post-type=\"page\">\n\t\t\t\t\t\t<section class=\"elementor-section elementor-top-section elementor-element elementor-element-8692da6 elementor-section-boxed elementor-section-height-default elementor-section-height-default\" data-id=\"8692da6\" data-element_type=\"section\" data-e-type=\"section\" data-settings=\"{&quot;jet_parallax_layout_list&quot;:[]}\">\n\t\t\t\t\t\t<div class=\"elementor-container elementor-column-gap-default\">\n\t\t\t\t\t<div class=\"elementor-column elementor-col-20 elementor-top-column elementor-element elementor-element-51c9482\" data-id=\"51c9482\" data-element_type=\"column\" data-e-type=\"column\">\n\t\t\t<div class=\"elementor-widget-wrap elementor-element-populated\">\n\t\t\t\t\t\t<div class=\"elementor-element elementor-element-f1bfaa4 elementor-widget__width-auto elementor-widget-mobile__width-inherit elementor-widget elementor-widget-heading\" data-id=\"f1bfaa4\" data-element_type=\"widget\" data-e-type=\"widget\" data-widget_type=\"heading.default\">\n\t\t\t\t<div class=\"elementor-widget-container\">\n\t\t\t\t\t<p class=\"elementor-heading-title elementor-size-default\"><a href=\"https:\/\/iautomato.sk\/sk\/krok-1\/\">1<\/a><\/p>\t\t\t\t<\/div>\n\t\t\t\t<\/div>\n\t\t\t\t<div class=\"elementor-element elementor-element-2b50c71 elementor-view-stacked elementor-shape-square elementor-widget__width-auto elementor-widget elementor-widget-icon\" data-id=\"2b50c71\" data-element_type=\"widget\" data-e-type=\"widget\" data-widget_type=\"icon.default\">\n\t\t\t\t<div class=\"elementor-widget-container\">\n\t\t\t\t\t\t\t<div class=\"elementor-icon-wrapper\">\n\t\t\t<a class=\"elementor-icon elementor-animation-grow\" href=\"https:\/\/iautomato.sk\/sk\/krok-1\/\">\n\t\t\t<i aria-hidden=\"true\" class=\"fas fa-check\"><\/i>\t\t\t<\/a>\n\t\t<\/div>\n\t\t\t\t\t\t<\/div>\n\t\t\t\t<\/div>\n\t\t\t\t<div class=\"elementor-element elementor-element-0755b7b elementor-widget__width-auto elementor-widget-tablet__width-inherit elementor-widget elementor-widget-heading\" data-id=\"0755b7b\" data-element_type=\"widget\" data-e-type=\"widget\" data-widget_type=\"heading.default\">\n\t\t\t\t<div class=\"elementor-widget-container\">\n\t\t\t\t\t<p class=\"elementor-heading-title elementor-size-default\"><a href=\"https:\/\/iautomato.sk\/sk\/krok-1\/\">Inform\u00e1cie o vozidle<\/a><\/p>\t\t\t\t<\/div>\n\t\t\t\t<\/div>\n\t\t\t\t\t<\/div>\n\t\t<\/div>\n\t\t\t\t<div class=\"elementor-column elementor-col-20 elementor-top-column elementor-element elementor-element-bb68392\" data-id=\"bb68392\" data-element_type=\"column\" data-e-type=\"column\">\n\t\t\t<div class=\"elementor-widget-wrap elementor-element-populated\">\n\t\t\t\t\t\t<div class=\"elementor-element elementor-element-c13f16f elementor-widget__width-auto elementor-widget-tablet__width-initial elementor-view-default elementor-widget elementor-widget-icon\" data-id=\"c13f16f\" data-element_type=\"widget\" data-e-type=\"widget\" data-widget_type=\"icon.default\">\n\t\t\t\t<div class=\"elementor-widget-container\">\n\t\t\t\t\t\t\t<div class=\"elementor-icon-wrapper\">\n\t\t\t<div class=\"elementor-icon\">\n\t\t\t<i aria-hidden=\"true\" class=\"fas fa-angle-right\"><\/i>\t\t\t<\/div>\n\t\t<\/div>\n\t\t\t\t\t\t<\/div>\n\t\t\t\t<\/div>\n\t\t\t\t\t<\/div>\n\t\t<\/div>\n\t\t\t\t<div class=\"elementor-column elementor-col-20 elementor-top-column elementor-element elementor-element-7ec71a0\" data-id=\"7ec71a0\" data-element_type=\"column\" data-e-type=\"column\">\n\t\t\t<div class=\"elementor-widget-wrap elementor-element-populated\">\n\t\t\t\t\t\t<div class=\"elementor-element elementor-element-cc5e3ae elementor-widget__width-auto elementor-widget-mobile__width-inherit elementor-widget elementor-widget-heading\" data-id=\"cc5e3ae\" data-element_type=\"widget\" data-e-type=\"widget\" data-widget_type=\"heading.default\">\n\t\t\t\t<div class=\"elementor-widget-container\">\n\t\t\t\t\t<p class=\"elementor-heading-title elementor-size-default\"><a href=\"https:\/\/iautomato.sk\/sk\/krok-2\/\">2<\/a><\/p>\t\t\t\t<\/div>\n\t\t\t\t<\/div>\n\t\t\t\t<div class=\"elementor-element elementor-element-741abb8 elementor-view-stacked elementor-shape-square elementor-widget__width-auto elementor-widget elementor-widget-icon\" data-id=\"741abb8\" data-element_type=\"widget\" data-e-type=\"widget\" data-widget_type=\"icon.default\">\n\t\t\t\t<div class=\"elementor-widget-container\">\n\t\t\t\t\t\t\t<div class=\"elementor-icon-wrapper\">\n\t\t\t<a class=\"elementor-icon elementor-animation-grow\" href=\"https:\/\/iautomato.sk\/sk\/krok-2\/\">\n\t\t\t<i aria-hidden=\"true\" class=\"fas fa-check\"><\/i>\t\t\t<\/a>\n\t\t<\/div>\n\t\t\t\t\t\t<\/div>\n\t\t\t\t<\/div>\n\t\t\t\t<div class=\"elementor-element elementor-element-fbf7f48 elementor-widget__width-auto elementor-widget-tablet__width-inherit elementor-widget elementor-widget-heading\" data-id=\"fbf7f48\" data-element_type=\"widget\" data-e-type=\"widget\" data-widget_type=\"heading.default\">\n\t\t\t\t<div class=\"elementor-widget-container\">\n\t\t\t\t\t<p class=\"elementor-heading-title elementor-size-default\"><a href=\"https:\/\/iautomato.sk\/sk\/krok-2\/\">Doplnkov\u00e9 slu\u017eby<\/a><\/p>\t\t\t\t<\/div>\n\t\t\t\t<\/div>\n\t\t\t\t\t<\/div>\n\t\t<\/div>\n\t\t\t\t<div class=\"elementor-column elementor-col-20 elementor-top-column elementor-element elementor-element-02dcad1\" data-id=\"02dcad1\" data-element_type=\"column\" data-e-type=\"column\">\n\t\t\t<div class=\"elementor-widget-wrap elementor-element-populated\">\n\t\t\t\t\t\t<div class=\"elementor-element elementor-element-ad94bea elementor-widget__width-auto elementor-widget-tablet__width-initial elementor-view-default elementor-widget elementor-widget-icon\" data-id=\"ad94bea\" data-element_type=\"widget\" data-e-type=\"widget\" data-widget_type=\"icon.default\">\n\t\t\t\t<div class=\"elementor-widget-container\">\n\t\t\t\t\t\t\t<div class=\"elementor-icon-wrapper\">\n\t\t\t<div class=\"elementor-icon\">\n\t\t\t<i aria-hidden=\"true\" class=\"fas fa-angle-right\"><\/i>\t\t\t<\/div>\n\t\t<\/div>\n\t\t\t\t\t\t<\/div>\n\t\t\t\t<\/div>\n\t\t\t\t\t<\/div>\n\t\t<\/div>\n\t\t\t\t<div class=\"elementor-column elementor-col-20 elementor-top-column elementor-element elementor-element-ec09e28\" data-id=\"ec09e28\" data-element_type=\"column\" data-e-type=\"column\">\n\t\t\t<div class=\"elementor-widget-wrap elementor-element-populated\">\n\t\t\t\t\t\t<div class=\"elementor-element elementor-element-c11b4b0 elementor-widget__width-auto elementor-widget-mobile__width-inherit elementor-widget elementor-widget-heading\" data-id=\"c11b4b0\" data-element_type=\"widget\" data-e-type=\"widget\" data-widget_type=\"heading.default\">\n\t\t\t\t<div class=\"elementor-widget-container\">\n\t\t\t\t\t<p class=\"elementor-heading-title elementor-size-default\">3<\/p>\t\t\t\t<\/div>\n\t\t\t\t<\/div>\n\t\t\t\t<div class=\"elementor-element elementor-element-604e889 elementor-widget__width-auto elementor-widget elementor-widget-image\" data-id=\"604e889\" data-element_type=\"widget\" data-e-type=\"widget\" data-widget_type=\"image.default\">\n\t\t\t\t<div class=\"elementor-widget-container\">\n\t\t\t\t\t\t\t\t\t\t\t\t\t\t\t\t<a href=\"#\">\n\t\t\t\t\t\t\t<img fetchpriority=\"high\" decoding=\"async\" width=\"300\" height=\"300\" src=\"https:\/\/iautomato.sk\/wp-content\/uploads\/sites\/3\/2024\/09\/checkout_icon_white-300x300.webp\" class=\"attachment-medium size-medium wp-image-12786\" alt=\"Ikonka platby\" srcset=\"https:\/\/iautomato.sk\/wp-content\/uploads\/sites\/3\/2024\/09\/checkout_icon_white-300x300.webp 300w, https:\/\/iautomato.sk\/wp-content\/uploads\/sites\/3\/2024\/09\/checkout_icon_white-150x150.webp 150w, https:\/\/iautomato.sk\/wp-content\/uploads\/sites\/3\/2024\/09\/checkout_icon_white-12x12.webp 12w, https:\/\/iautomato.sk\/wp-content\/uploads\/sites\/3\/2024\/09\/checkout_icon_white-100x100.webp 100w, https:\/\/iautomato.sk\/wp-content\/uploads\/sites\/3\/2024\/09\/checkout_icon_white.webp 540w\" sizes=\"(max-width: 300px) 100vw, 300px\" \/>\t\t\t\t\t\t\t\t<\/a>\n\t\t\t\t\t\t\t\t\t\t\t\t\t\t\t<\/div>\n\t\t\t\t<\/div>\n\t\t\t\t<div class=\"elementor-element elementor-element-ae3ec81 elementor-widget__width-auto elementor-widget-tablet__width-inherit elementor-widget elementor-widget-heading\" data-id=\"ae3ec81\" data-element_type=\"widget\" data-e-type=\"widget\" data-widget_type=\"heading.default\">\n\t\t\t\t<div class=\"elementor-widget-container\">\n\t\t\t\t\t<p class=\"elementor-heading-title elementor-size-default\">\u00dadaje a platba<\/p>\t\t\t\t<\/div>\n\t\t\t\t<\/div>\n\t\t\t\t\t<\/div>\n\t\t<\/div>\n\t\t\t\t\t<\/div>\n\t\t<\/section>\n\t\t\t\t<section class=\"elementor-section elementor-top-section elementor-element elementor-element-32ae235 elementor-section-boxed elementor-section-height-default elementor-section-height-default\" data-id=\"32ae235\" data-element_type=\"section\" data-e-type=\"section\" data-settings=\"{&quot;jet_parallax_layout_list&quot;:[]}\">\n\t\t\t\t\t\t<div class=\"elementor-container elementor-column-gap-default\">\n\t\t\t\t\t<div class=\"elementor-column elementor-col-100 elementor-top-column elementor-element elementor-element-249c62c0\" data-id=\"249c62c0\" data-element_type=\"column\" data-e-type=\"column\">\n\t\t\t<div class=\"elementor-widget-wrap elementor-element-populated\">\n\t\t\t\t\t\t<div class=\"elementor-element elementor-element-3f33bb06 elementor-widget elementor-widget-text-editor\" data-id=\"3f33bb06\" data-element_type=\"widget\" data-e-type=\"widget\" data-widget_type=\"text-editor.default\">\n\t\t\t\t<div class=\"elementor-widget-container\">\n\t\t\t\t\t\t\t\t\t\n<p><\/p>\n<p><div class=\"woocommerce\"><\/div><\/p>\n\t\t\t\t\t\t\t\t<\/div>\n\t\t\t\t<\/div>\n\t\t\t\t\t<\/div>\n\t\t<\/div>\n\t\t\t\t\t<\/div>\n\t\t<\/section>\n\t\t\t\t<\/div>","protected":false},"excerpt":{"rendered":"<p>1 Inform\u00e1cie o vozidle 2 Doplnkov\u00e9 slu\u017eby 3 \u00dadaje a platba<\/p>","protected":false},"author":1,"featured_media":0,"parent":0,"menu_order":0,"comment_status":"closed","ping_status":"closed","template":"","meta":{"_jf_limit_responses":"","footnotes":""},"class_list":["post-2711","page","type-page","status-publish","hentry","entry","owp-thumbs-layout-horizontal","owp-btn-big","owp-tabs-layout-section","has-no-thumbnails"],"yoast_head":"<!-- This site is optimized with the Yoast SEO plugin v27.3 - https:\/\/yoast.com\/product\/yoast-seo-wordpress\/ -->\n<title>Platba - Automato Slovensko<\/title>\n<meta name=\"robots\" content=\"index, follow, max-snippet:-1, max-image-preview:large, max-video-preview:-1\" \/>\n<link rel=\"canonical\" href=\"https:\/\/iautomato.sk\/sk\/platba\/\" \/>\n<meta property=\"og:locale\" content=\"sk_SK\" \/>\n<meta property=\"og:type\" content=\"article\" \/>\n<meta property=\"og:title\" content=\"Platba - Automato Slovensko\" \/>\n<meta property=\"og:description\" content=\"1 Informace o voze 2 Dopl\u0148kov\u00e9 slu\u017eby 3 \u00dadaje a platba\" \/>\n<meta property=\"og:url\" content=\"https:\/\/iautomato.sk\/sk\/platba\/\" \/>\n<meta property=\"og:site_name\" content=\"Automato Slovensko\" \/>\n<meta property=\"article:publisher\" content=\"https:\/\/www.facebook.com\/people\/Automato-SK\/100089303930614\/\" \/>\n<meta property=\"article:modified_time\" content=\"2024-09-05T02:20:52+00:00\" \/>\n<meta property=\"og:image\" content=\"https:\/\/iautomato.sk\/wp-content\/uploads\/sites\/3\/2024\/09\/checkout_icon_white-300x300.webp\" \/>\n<meta name=\"twitter:card\" content=\"summary_large_image\" \/>\n<meta name=\"twitter:label1\" content=\"Predpokladan\u00fd \u010das \u010d\u00edtania\" \/>\n\t<meta name=\"twitter:data1\" content=\"4 min\u00faty\" \/>\n<script type=\"application\/ld+json\" class=\"yoast-schema-graph\">{\"@context\":\"https:\\\/\\\/schema.org\",\"@graph\":[{\"@type\":\"WebPage\",\"@id\":\"https:\\\/\\\/iautomato.sk\\\/platba\\\/\",\"url\":\"https:\\\/\\\/iautomato.sk\\\/platba\\\/\",\"name\":\"Platba - Automato Slovensko\",\"isPartOf\":{\"@id\":\"https:\\\/\\\/iautomato.sk\\\/#website\"},\"primaryImageOfPage\":{\"@id\":\"https:\\\/\\\/iautomato.sk\\\/platba\\\/#primaryimage\"},\"image\":{\"@id\":\"https:\\\/\\\/iautomato.sk\\\/platba\\\/#primaryimage\"},\"thumbnailUrl\":\"https:\\\/\\\/iautomato.sk\\\/wp-content\\\/uploads\\\/sites\\\/3\\\/2024\\\/09\\\/checkout_icon_white-300x300.webp\",\"datePublished\":\"2021-05-10T23:15:37+00:00\",\"dateModified\":\"2024-09-05T02:20:52+00:00\",\"breadcrumb\":{\"@id\":\"https:\\\/\\\/iautomato.sk\\\/platba\\\/#breadcrumb\"},\"inLanguage\":\"sk-SK\",\"potentialAction\":[{\"@type\":\"ReadAction\",\"target\":[\"https:\\\/\\\/iautomato.sk\\\/platba\\\/\"]}]},{\"@type\":\"ImageObject\",\"inLanguage\":\"sk-SK\",\"@id\":\"https:\\\/\\\/iautomato.sk\\\/platba\\\/#primaryimage\",\"url\":\"https:\\\/\\\/iautomato.sk\\\/wp-content\\\/uploads\\\/sites\\\/3\\\/2024\\\/09\\\/checkout_icon_white-300x300.webp\",\"contentUrl\":\"https:\\\/\\\/iautomato.sk\\\/wp-content\\\/uploads\\\/sites\\\/3\\\/2024\\\/09\\\/checkout_icon_white-300x300.webp\"},{\"@type\":\"BreadcrumbList\",\"@id\":\"https:\\\/\\\/iautomato.sk\\\/platba\\\/#breadcrumb\",\"itemListElement\":[{\"@type\":\"ListItem\",\"position\":1,\"name\":\"Dom\u016f\",\"item\":\"https:\\\/\\\/iautomato.sk\\\/sk\\\/\"},{\"@type\":\"ListItem\",\"position\":2,\"name\":\"Platba\"}]},{\"@type\":\"WebSite\",\"@id\":\"https:\\\/\\\/iautomato.sk\\\/#website\",\"url\":\"https:\\\/\\\/iautomato.sk\\\/\",\"name\":\"Automato Slovensko\",\"description\":\"Prever\u00edme ojazden\u00e9 auto pred k\u00fapou: R\u00fdchlo a po celom Slovensku\",\"publisher\":{\"@id\":\"https:\\\/\\\/iautomato.sk\\\/#organization\"},\"potentialAction\":[{\"@type\":\"SearchAction\",\"target\":{\"@type\":\"EntryPoint\",\"urlTemplate\":\"https:\\\/\\\/iautomato.sk\\\/?s={search_term_string}\"},\"query-input\":{\"@type\":\"PropertyValueSpecification\",\"valueRequired\":true,\"valueName\":\"search_term_string\"}}],\"inLanguage\":\"sk-SK\"},{\"@type\":\"Organization\",\"@id\":\"https:\\\/\\\/iautomato.sk\\\/#organization\",\"name\":\"Automato Slovensko\",\"url\":\"https:\\\/\\\/iautomato.sk\\\/\",\"logo\":{\"@type\":\"ImageObject\",\"inLanguage\":\"sk-SK\",\"@id\":\"https:\\\/\\\/iautomato.sk\\\/#\\\/schema\\\/logo\\\/image\\\/\",\"url\":\"https:\\\/\\\/iautomato.sk\\\/wp-content\\\/uploads\\\/sites\\\/3\\\/2020\\\/02\\\/black_noBG.svg\",\"contentUrl\":\"https:\\\/\\\/iautomato.sk\\\/wp-content\\\/uploads\\\/sites\\\/3\\\/2020\\\/02\\\/black_noBG.svg\",\"caption\":\"Automato Slovensko\"},\"image\":{\"@id\":\"https:\\\/\\\/iautomato.sk\\\/#\\\/schema\\\/logo\\\/image\\\/\"},\"sameAs\":[\"https:\\\/\\\/www.facebook.com\\\/people\\\/Automato-SK\\\/100089303930614\\\/\",\"https:\\\/\\\/www.instagram.com\\\/automato.sk\\\/\"]}]}<\/script>\n<!-- \/ Yoast SEO plugin. -->","yoast_head_json":{"title":"Platba - Automato Slovensko","robots":{"index":"index","follow":"follow","max-snippet":"max-snippet:-1","max-image-preview":"max-image-preview:large","max-video-preview":"max-video-preview:-1"},"canonical":"https:\/\/iautomato.sk\/sk\/platba\/","og_locale":"sk_SK","og_type":"article","og_title":"Platba - Automato Slovensko","og_description":"1 Informace o voze 2 Dopl\u0148kov\u00e9 slu\u017eby 3 \u00dadaje a platba","og_url":"https:\/\/iautomato.sk\/sk\/platba\/","og_site_name":"Automato Slovensko","article_publisher":"https:\/\/www.facebook.com\/people\/Automato-SK\/100089303930614\/","article_modified_time":"2024-09-05T02:20:52+00:00","og_image":[{"url":"https:\/\/iautomato.sk\/wp-content\/uploads\/sites\/3\/2024\/09\/checkout_icon_white-300x300.webp","type":"","width":"","height":""}],"twitter_card":"summary_large_image","twitter_misc":{"Predpokladan\u00fd \u010das \u010d\u00edtania":"4 min\u00faty"},"schema":{"@context":"https:\/\/schema.org","@graph":[{"@type":"WebPage","@id":"https:\/\/iautomato.sk\/platba\/","url":"https:\/\/iautomato.sk\/platba\/","name":"Platba - Automato Slovensko","isPartOf":{"@id":"https:\/\/iautomato.sk\/#website"},"primaryImageOfPage":{"@id":"https:\/\/iautomato.sk\/platba\/#primaryimage"},"image":{"@id":"https:\/\/iautomato.sk\/platba\/#primaryimage"},"thumbnailUrl":"https:\/\/iautomato.sk\/wp-content\/uploads\/sites\/3\/2024\/09\/checkout_icon_white-300x300.webp","datePublished":"2021-05-10T23:15:37+00:00","dateModified":"2024-09-05T02:20:52+00:00","breadcrumb":{"@id":"https:\/\/iautomato.sk\/platba\/#breadcrumb"},"inLanguage":"sk-SK","potentialAction":[{"@type":"ReadAction","target":["https:\/\/iautomato.sk\/platba\/"]}]},{"@type":"ImageObject","inLanguage":"sk-SK","@id":"https:\/\/iautomato.sk\/platba\/#primaryimage","url":"https:\/\/iautomato.sk\/wp-content\/uploads\/sites\/3\/2024\/09\/checkout_icon_white-300x300.webp","contentUrl":"https:\/\/iautomato.sk\/wp-content\/uploads\/sites\/3\/2024\/09\/checkout_icon_white-300x300.webp"},{"@type":"BreadcrumbList","@id":"https:\/\/iautomato.sk\/platba\/#breadcrumb","itemListElement":[{"@type":"ListItem","position":1,"name":"Dom\u016f","item":"https:\/\/iautomato.sk\/sk\/"},{"@type":"ListItem","position":2,"name":"Platba"}]},{"@type":"WebSite","@id":"https:\/\/iautomato.sk\/#website","url":"https:\/\/iautomato.sk\/","name":"Automato Slovensko","description":"Prever\u00edme ojazden\u00e9 auto pred k\u00fapou: R\u00fdchlo a po celom Slovensku","publisher":{"@id":"https:\/\/iautomato.sk\/#organization"},"potentialAction":[{"@type":"SearchAction","target":{"@type":"EntryPoint","urlTemplate":"https:\/\/iautomato.sk\/?s={search_term_string}"},"query-input":{"@type":"PropertyValueSpecification","valueRequired":true,"valueName":"search_term_string"}}],"inLanguage":"sk-SK"},{"@type":"Organization","@id":"https:\/\/iautomato.sk\/#organization","name":"Automato Slovensko","url":"https:\/\/iautomato.sk\/","logo":{"@type":"ImageObject","inLanguage":"sk-SK","@id":"https:\/\/iautomato.sk\/#\/schema\/logo\/image\/","url":"https:\/\/iautomato.sk\/wp-content\/uploads\/sites\/3\/2020\/02\/black_noBG.svg","contentUrl":"https:\/\/iautomato.sk\/wp-content\/uploads\/sites\/3\/2020\/02\/black_noBG.svg","caption":"Automato Slovensko"},"image":{"@id":"https:\/\/iautomato.sk\/#\/schema\/logo\/image\/"},"sameAs":["https:\/\/www.facebook.com\/people\/Automato-SK\/100089303930614\/","https:\/\/www.instagram.com\/automato.sk\/"]}]}},"_links":{"self":[{"href":"https:\/\/iautomato.sk\/sk\/wp-json\/wp\/v2\/pages\/2711","targetHints":{"allow":["GET"]}}],"collection":[{"href":"https:\/\/iautomato.sk\/sk\/wp-json\/wp\/v2\/pages"}],"about":[{"href":"https:\/\/iautomato.sk\/sk\/wp-json\/wp\/v2\/types\/page"}],"author":[{"embeddable":true,"href":"https:\/\/iautomato.sk\/sk\/wp-json\/wp\/v2\/users\/1"}],"replies":[{"embeddable":true,"href":"https:\/\/iautomato.sk\/sk\/wp-json\/wp\/v2\/comments?post=2711"}],"version-history":[{"count":32,"href":"https:\/\/iautomato.sk\/sk\/wp-json\/wp\/v2\/pages\/2711\/revisions"}],"predecessor-version":[{"id":12949,"href":"https:\/\/iautomato.sk\/sk\/wp-json\/wp\/v2\/pages\/2711\/revisions\/12949"}],"wp:attachment":[{"href":"https:\/\/iautomato.sk\/sk\/wp-json\/wp\/v2\/media?parent=2711"}],"curies":[{"name":"wp","href":"https:\/\/api.w.org\/{rel}","templated":true}]}}